{"id":2427,"date":"2018-08-08T16:20:39","date_gmt":"2018-08-08T20:20:39","guid":{"rendered":"http:\/\/acpinc.baudevelopment.com\/complaint-resolution-policy\/"},"modified":"2024-10-22T12:29:48","modified_gmt":"2024-10-22T16:29:48","slug":"complaint-resolution-policy","status":"publish","type":"page","link":"https:\/\/acpinc.baudevelopment.com\/fr\/complaint-resolution-policy\/","title":{"rendered":"Politique de R\u00e9solution des Plaintes"},"content":{"rendered":"<p><span style=\"font-family: arial, helvetica, sans-serif;\">Aligned Capital Partners Inc. (ACPI) participe \u00e0 un processus rigoureux lors de l&rsquo;examen d&rsquo;une plainte. ACPI respecte les proc\u00e9dures r\u00e9glementaires requises pour le traitement des plaintes \u00e9crites ou verbales des clients. ACPI s&rsquo;engage \u00e0 traiter les plaintes verbales et\/ou \u00e9crites de mani\u00e8re \u00e9quitable et en temps opportun.<\/span><\/p>\n<p><span style=\"font-family: arial, helvetica, sans-serif;\">Chaque nouveau client d&rsquo;ACPI re\u00e7oit une copie de nos proc\u00e9dures de traitement des plaintes lors de l&rsquo;ouverture du compte.<\/span><\/p>\n<p><span style=\"font-family: arial, helvetica, sans-serif;\">Pour des raisons de confidentialit\u00e9, ACPI ne correspondra qu&rsquo;avec le plaignant et\/ou une personne \u00e0 qui le plaignant a fourni une autorisation \u00e9crite sign\u00e9e pour partager des informations priv\u00e9es. Parfois, ACPI peut demander des informations suppl\u00e9mentaires au plaignant lors de l&rsquo;\u00e9valuation de la plainte.<\/span><\/p>\n<p><span style=\"font-family: arial, helvetica, sans-serif;\">ACPI a d\u00e9sign\u00e9 le Responsable de la Conformit\u00e9 (CCO) comme Responsable des Plaintes. Les pr\u00e9occupations, demandes d&rsquo;informations suppl\u00e9mentaires et\/ou documents \u00e0 l&rsquo;appui d&rsquo;une plainte peuvent \u00eatre soumis au Responsable des Plaintes \u00e0 l&rsquo;adresse suivante :<\/span><\/p>\n<address>\n<p class=\"mb-1\"><span style=\"font-family: arial, helvetica, sans-serif;\"><strong>Aligned Capital Partners Inc.<\/strong><\/span><\/p>\n<p class=\"mb-0\"><span style=\"font-family: arial, helvetica, sans-serif;\">\u00c0 l&rsquo;attention du Responsable des Plaintes<\/span><\/p>\n<p class=\"mb-0\"><span style=\"font-family: arial, helvetica, sans-serif;\">1001 Champlain Avenue, Suite 300<\/span><\/p>\n<p class=\"mb-0\"><span style=\"font-family: arial, helvetica, sans-serif;\">Burlington, Ontario, L7L 5Z4<\/span><\/p>\n<p class=\"mb-0\"><span style=\"font-family: arial, helvetica, sans-serif;\">Fax: (905) 634-8021<\/span><\/p>\n<p class=\"mb-0\"><span style=\"font-family: arial, helvetica, sans-serif;\">Email: <span style=\"color: #0000ff;\"><a style=\"color: #0000ff;\" href=\"mailto:complaints@acpinc.baudevelopment.com\">complaints@alignedcapitalpartners.com<\/a><\/span><\/span><\/p>\n<\/address>\n<p><span style=\"font-family: arial, helvetica, sans-serif;\">Dans un d\u00e9lai de 5 jours ouvrables, les plaignants recevront une lettre de reconnaissance La lettre de reconnaissance inclura les coordonn\u00e9es du Responsable des Plaintes charg\u00e9 de l&rsquo;examen et de l&rsquo;\u00e9valuation de la plainte. La lettre de reconnaissance sera accompagn\u00e9e d&rsquo;une copie des brochures de la CIRO  <em>\u00ab Faire une Plainte : Un Guide pour les Investisseurs \u00bb <\/em> et  <em>\u00ab Comment Puis-Je R\u00e9cup\u00e9rer Mon Argent ? Un Guide pour les Investisseurs \u00bb <\/em> qui peuvent \u00e9galement \u00eatre consult\u00e9es \u00e0 l&rsquo;adresse : <span style=\"color: #0000ff;\"><a style=\"color: #0000ff;\" href=\"https:\/\/www.ocri.ca\/bureau-des-investisseurs\/depot-dune-plainte\">https:\/\/www.ocri.ca\/bureau-des-investisseurs\/depot-dune-plainte<\/a>.<\/span><\/span><\/p>\n<p><span style=\"font-family: arial, helvetica, sans-serif;\">Ces brochures fournissent des conseils sur les d\u00e9lais de prescription et les p\u00e9riodes de limitation, et d\u00e9crivent les options disponibles pour les plaignants s&rsquo;ils souhaitent poursuivre la question au-del\u00e0 d&rsquo;ACPI, ce qui inclut l&rsquo;Organisme canadien de r\u00e9glementation du commerce des valeurs mobili\u00e8res (CIRO), le M\u00e9diateur des services bancaires (OBSI), l&rsquo;arbitrage ind\u00e9pendant ou par voie judiciaire.<\/span><\/p>\n<p><span style=\"font-family: arial, helvetica, sans-serif;\">Dans un d\u00e9lai de 90 jours civils, les plaignants recevront une r\u00e9ponse \u00e9crite substantielle de la part d&rsquo;ACPI, laquelle comprendra : un r\u00e9sum\u00e9 de la plainte, les r\u00e9sultats de notre enqu\u00eate, la d\u00e9cision finale qui s&rsquo;ensuit, ainsi que les options suppl\u00e9mentaires disponibles pour les plaignants s&rsquo;ils ne sont pas satisfaits de la r\u00e9ponse de l&rsquo;entreprise.<\/span><\/p>\n<p><span style=\"font-family: arial, helvetica, sans-serif;\">Si ACPI a besoin de temps suppl\u00e9mentaire au-del\u00e0 des 90 jours civils, ACPI informera les plaignants par \u00e9crit des raisons pour lesquelles du temps suppl\u00e9mentaire est n\u00e9cessaire et fournira un nouveau d\u00e9lai estim\u00e9 pour la r\u00e9solution. <\/span><\/p>\n","protected":false},"excerpt":{"rendered":"<p>Aligned Capital Partners Inc. (ACPI) participe \u00e0 un processus rigoureux lors de l&rsquo;examen d&rsquo;une plainte. ACPI respecte les proc\u00e9dures r\u00e9glementaires requises pour le traitement des plaintes \u00e9crites ou verbales des clients. ACPI s&rsquo;engage \u00e0 traiter les plaintes verbales et\/ou \u00e9crites de mani\u00e8re \u00e9quitable et en temps opportun. Chaque nouveau client d&rsquo;ACPI re\u00e7oit une copie de [&#8230;]<\/p>\n<p><a class=\"btn btn-secondary understrap-read-more-link\" href=\"https:\/\/acpinc.baudevelopment.com\/fr\/complaint-resolution-policy\/\">Lire la suite&#8230;<\/a><\/p>\n","protected":false},"author":1,"featured_media":0,"parent":0,"menu_order":43,"comment_status":"closed","ping_status":"closed","template":"","meta":{"_acf_changed":false,"inline_featured_image":false,"footnotes":""},"class_list":["post-2427","page","type-page","status-publish","hentry"],"acf":[],"yoast_head":"<!-- This site is optimized with the Yoast SEO plugin v27.4 - https:\/\/yoast.com\/product\/yoast-seo-wordpress\/ -->\n<title>Politique de R\u00e9solution des Plaintes - Aligned Capital Partners Inc.<\/title>\n<meta name=\"description\" content=\"Aligned Capital Partners Inc. (ACPI) participates in a thorough process when reviewing a complaint.\" \/>\n<meta name=\"robots\" content=\"index, follow, max-snippet:-1, max-image-preview:large, max-video-preview:-1\" \/>\n<link rel=\"canonical\" href=\"https:\/\/acpinc.baudevelopment.com\/fr\/complaint-resolution-policy\/\" \/>\n<meta property=\"og:locale\" content=\"fr_FR\" \/>\n<meta property=\"og:type\" content=\"article\" \/>\n<meta property=\"og:title\" content=\"Politique de R\u00e9solution des Plaintes - Aligned Capital Partners Inc.\" \/>\n<meta property=\"og:description\" content=\"Aligned Capital Partners Inc. (ACPI) participates in a thorough process when reviewing a complaint.\" \/>\n<meta property=\"og:url\" content=\"https:\/\/acpinc.baudevelopment.com\/fr\/complaint-resolution-policy\/\" \/>\n<meta property=\"og:site_name\" content=\"Aligned Capital Partners Inc.\" \/>\n<meta property=\"article:modified_time\" content=\"2024-10-22T16:29:48+00:00\" \/>\n<meta name=\"twitter:card\" content=\"summary_large_image\" \/>\n<meta name=\"twitter:label1\" content=\"Dur\u00e9e de lecture estim\u00e9e\" \/>\n\t<meta name=\"twitter:data1\" content=\"2 minutes\" \/>\n<script type=\"application\/ld+json\" class=\"yoast-schema-graph\">{\"@context\":\"https:\\\/\\\/schema.org\",\"@graph\":[{\"@type\":\"WebPage\",\"@id\":\"https:\\\/\\\/acpinc.baudevelopment.com\\\/fr\\\/complaint-resolution-policy\\\/\",\"url\":\"https:\\\/\\\/acpinc.baudevelopment.com\\\/fr\\\/complaint-resolution-policy\\\/\",\"name\":\"Politique de R\u00e9solution des Plaintes - Aligned Capital Partners Inc.\",\"isPartOf\":{\"@id\":\"https:\\\/\\\/acpinc.baudevelopment.com\\\/fr\\\/#website\"},\"datePublished\":\"2018-08-08T20:20:39+00:00\",\"dateModified\":\"2024-10-22T16:29:48+00:00\",\"description\":\"Aligned Capital Partners Inc. (ACPI) participates in a thorough process when reviewing a complaint.\",\"breadcrumb\":{\"@id\":\"https:\\\/\\\/acpinc.baudevelopment.com\\\/fr\\\/complaint-resolution-policy\\\/#breadcrumb\"},\"inLanguage\":\"fr-FR\",\"potentialAction\":[{\"@type\":\"ReadAction\",\"target\":[\"https:\\\/\\\/acpinc.baudevelopment.com\\\/fr\\\/complaint-resolution-policy\\\/\"]}]},{\"@type\":\"BreadcrumbList\",\"@id\":\"https:\\\/\\\/acpinc.baudevelopment.com\\\/fr\\\/complaint-resolution-policy\\\/#breadcrumb\",\"itemListElement\":[{\"@type\":\"ListItem\",\"position\":1,\"name\":\"Home\",\"item\":\"http:\\\/\\\/acpinc.baudevelopment.com\\\/fr\\\/\"},{\"@type\":\"ListItem\",\"position\":2,\"name\":\"Politique de R\u00e9solution des Plaintes\"}]},{\"@type\":\"WebSite\",\"@id\":\"https:\\\/\\\/acpinc.baudevelopment.com\\\/fr\\\/#website\",\"url\":\"https:\\\/\\\/acpinc.baudevelopment.com\\\/fr\\\/\",\"name\":\"Aligned Capital Partners Inc.\",\"description\":\"Empowering Advisors to Run Their Business Their Way\",\"publisher\":{\"@id\":\"https:\\\/\\\/acpinc.baudevelopment.com\\\/fr\\\/#organization\"},\"potentialAction\":[{\"@type\":\"SearchAction\",\"target\":{\"@type\":\"EntryPoint\",\"urlTemplate\":\"https:\\\/\\\/acpinc.baudevelopment.com\\\/fr\\\/?s={search_term_string}\"},\"query-input\":{\"@type\":\"PropertyValueSpecification\",\"valueRequired\":true,\"valueName\":\"search_term_string\"}}],\"inLanguage\":\"fr-FR\"},{\"@type\":\"Organization\",\"@id\":\"https:\\\/\\\/acpinc.baudevelopment.com\\\/fr\\\/#organization\",\"name\":\"Aligned Capital Partners Inc.\",\"url\":\"https:\\\/\\\/acpinc.baudevelopment.com\\\/fr\\\/\",\"logo\":{\"@type\":\"ImageObject\",\"inLanguage\":\"fr-FR\",\"@id\":\"https:\\\/\\\/acpinc.baudevelopment.com\\\/fr\\\/#\\\/schema\\\/logo\\\/image\\\/\",\"url\":\"http:\\\/\\\/acpinc.baudevelopment.com\\\/wp-content\\\/uploads\\\/2018\\\/08\\\/acp_logo.png\",\"contentUrl\":\"http:\\\/\\\/acpinc.baudevelopment.com\\\/wp-content\\\/uploads\\\/2018\\\/08\\\/acp_logo.png\",\"width\":894,\"height\":240,\"caption\":\"Aligned Capital Partners Inc.\"},\"image\":{\"@id\":\"https:\\\/\\\/acpinc.baudevelopment.com\\\/fr\\\/#\\\/schema\\\/logo\\\/image\\\/\"},\"sameAs\":[\"https:\\\/\\\/www.linkedin.com\\\/company\\\/aligned-capital-partners-inc-\\\/\"]}]}<\/script>\n<!-- \/ Yoast SEO plugin. -->","yoast_head_json":{"title":"Politique de R\u00e9solution des Plaintes - Aligned Capital Partners Inc.","description":"Aligned Capital Partners Inc. (ACPI) participates in a thorough process when reviewing a complaint.","robots":{"index":"index","follow":"follow","max-snippet":"max-snippet:-1","max-image-preview":"max-image-preview:large","max-video-preview":"max-video-preview:-1"},"canonical":"https:\/\/acpinc.baudevelopment.com\/fr\/complaint-resolution-policy\/","og_locale":"fr_FR","og_type":"article","og_title":"Politique de R\u00e9solution des Plaintes - Aligned Capital Partners Inc.","og_description":"Aligned Capital Partners Inc. (ACPI) participates in a thorough process when reviewing a complaint.","og_url":"https:\/\/acpinc.baudevelopment.com\/fr\/complaint-resolution-policy\/","og_site_name":"Aligned Capital Partners Inc.","article_modified_time":"2024-10-22T16:29:48+00:00","twitter_card":"summary_large_image","twitter_misc":{"Dur\u00e9e de lecture estim\u00e9e":"2 minutes"},"schema":{"@context":"https:\/\/schema.org","@graph":[{"@type":"WebPage","@id":"https:\/\/acpinc.baudevelopment.com\/fr\/complaint-resolution-policy\/","url":"https:\/\/acpinc.baudevelopment.com\/fr\/complaint-resolution-policy\/","name":"Politique de R\u00e9solution des Plaintes - Aligned Capital Partners Inc.","isPartOf":{"@id":"https:\/\/acpinc.baudevelopment.com\/fr\/#website"},"datePublished":"2018-08-08T20:20:39+00:00","dateModified":"2024-10-22T16:29:48+00:00","description":"Aligned Capital Partners Inc. (ACPI) participates in a thorough process when reviewing a complaint.","breadcrumb":{"@id":"https:\/\/acpinc.baudevelopment.com\/fr\/complaint-resolution-policy\/#breadcrumb"},"inLanguage":"fr-FR","potentialAction":[{"@type":"ReadAction","target":["https:\/\/acpinc.baudevelopment.com\/fr\/complaint-resolution-policy\/"]}]},{"@type":"BreadcrumbList","@id":"https:\/\/acpinc.baudevelopment.com\/fr\/complaint-resolution-policy\/#breadcrumb","itemListElement":[{"@type":"ListItem","position":1,"name":"Home","item":"http:\/\/acpinc.baudevelopment.com\/fr\/"},{"@type":"ListItem","position":2,"name":"Politique de R\u00e9solution des Plaintes"}]},{"@type":"WebSite","@id":"https:\/\/acpinc.baudevelopment.com\/fr\/#website","url":"https:\/\/acpinc.baudevelopment.com\/fr\/","name":"Aligned Capital Partners Inc.","description":"Empowering Advisors to Run Their Business Their Way","publisher":{"@id":"https:\/\/acpinc.baudevelopment.com\/fr\/#organization"},"potentialAction":[{"@type":"SearchAction","target":{"@type":"EntryPoint","urlTemplate":"https:\/\/acpinc.baudevelopment.com\/fr\/?s={search_term_string}"},"query-input":{"@type":"PropertyValueSpecification","valueRequired":true,"valueName":"search_term_string"}}],"inLanguage":"fr-FR"},{"@type":"Organization","@id":"https:\/\/acpinc.baudevelopment.com\/fr\/#organization","name":"Aligned Capital Partners Inc.","url":"https:\/\/acpinc.baudevelopment.com\/fr\/","logo":{"@type":"ImageObject","inLanguage":"fr-FR","@id":"https:\/\/acpinc.baudevelopment.com\/fr\/#\/schema\/logo\/image\/","url":"http:\/\/acpinc.baudevelopment.com\/wp-content\/uploads\/2018\/08\/acp_logo.png","contentUrl":"http:\/\/acpinc.baudevelopment.com\/wp-content\/uploads\/2018\/08\/acp_logo.png","width":894,"height":240,"caption":"Aligned Capital Partners Inc."},"image":{"@id":"https:\/\/acpinc.baudevelopment.com\/fr\/#\/schema\/logo\/image\/"},"sameAs":["https:\/\/www.linkedin.com\/company\/aligned-capital-partners-inc-\/"]}]}},"_links":{"self":[{"href":"https:\/\/acpinc.baudevelopment.com\/fr\/wp-json\/wp\/v2\/pages\/2427","targetHints":{"allow":["GET"]}}],"collection":[{"href":"https:\/\/acpinc.baudevelopment.com\/fr\/wp-json\/wp\/v2\/pages"}],"about":[{"href":"https:\/\/acpinc.baudevelopment.com\/fr\/wp-json\/wp\/v2\/types\/page"}],"author":[{"embeddable":true,"href":"https:\/\/acpinc.baudevelopment.com\/fr\/wp-json\/wp\/v2\/users\/1"}],"replies":[{"embeddable":true,"href":"https:\/\/acpinc.baudevelopment.com\/fr\/wp-json\/wp\/v2\/comments?post=2427"}],"version-history":[{"count":3,"href":"https:\/\/acpinc.baudevelopment.com\/fr\/wp-json\/wp\/v2\/pages\/2427\/revisions"}],"predecessor-version":[{"id":2457,"href":"https:\/\/acpinc.baudevelopment.com\/fr\/wp-json\/wp\/v2\/pages\/2427\/revisions\/2457"}],"wp:attachment":[{"href":"https:\/\/acpinc.baudevelopment.com\/fr\/wp-json\/wp\/v2\/media?parent=2427"}],"curies":[{"name":"wp","href":"https:\/\/api.w.org\/{rel}","templated":true}]}}