{"id":2389,"date":"2023-09-07T16:43:09","date_gmt":"2023-09-07T20:43:09","guid":{"rendered":"http:\/\/acpinc.baudevelopment.com\/our-commitment-to-accessibility1830-2\/"},"modified":"2024-10-25T12:25:41","modified_gmt":"2024-10-25T16:25:41","slug":"our-commitment-to-accessibility1830-2","status":"publish","type":"page","link":"https:\/\/acpinc.baudevelopment.com\/fr\/our-commitment-to-accessibility1830-2\/","title":{"rendered":"Accessibilit\u00e9"},"content":{"rendered":"<p><span style=\"color: #bf8329; font-family: arial, helvetica, sans-serif; font-size: 14pt;\"><strong>Notre Engagement envers l\u2019Accessibilit\u00e9<\/strong><\/span><\/p>\n<p><span style=\"font-family: arial, helvetica, sans-serif;\">Aligned Capital Partners Inc. s\u2019efforce de fournir un environnement sans barri\u00e8res pour nos clients. En tant qu\u2019entreprise, nous respectons et appliquons les exigences \u00e9tablies par la Loi sur l&rsquo;accessibilit\u00e9 pour les personnes handicap\u00e9es de l&rsquo;Ontario (2005 Nous croyons qu&rsquo;il est de notre responsabilit\u00e9 de garantir un environnement s\u00fbr, digne et accueillant pour tous.<\/span><\/p>\n<p><span style=\"font-family: arial, helvetica, sans-serif;\">Si vous avez besoin d&rsquo;une assistance suppl\u00e9mentaire, veuillez en informer l&rsquo;un de nos membres du personnel.<\/span><\/p>\n<p>&nbsp;<\/p>\n<p><span style=\"color: #bf8329; font-family: arial, helvetica, sans-serif; font-size: 14pt;\"><strong>Loi sur l&rsquo;accessibilit\u00e9 pour les personnes handicap\u00e9es de l&rsquo;Ontario (LAPHO)<\/strong><\/span><\/p>\n<p><span style=\"font-family: arial, helvetica, sans-serif;\"><strong>Plan Pluriannuel 2021-2025<\/strong><\/span><\/p>\n<p><span style=\"font-family: arial, helvetica, sans-serif;\">Le Plan d&rsquo;accessibilit\u00e9 pluriannuel est destin\u00e9 \u00e0 d\u00e9finir et identifier les politiques, processus et plans que nous avons actuellement en place en r\u00e9ponse aux exigences \u00e9tablies par le R\u00e8glement sur les Normes d\u2019Accessibilit\u00e9 Int\u00e9gr\u00e9es (RNAI). Ce plan concerne le Si\u00e8ge Social de Aligned Capital Partners Inc. (ACPI ou \u2018l\u2019Entreprise\u2019). Ce Plan sera r\u00e9vis\u00e9 annuellement, ou plus fr\u00e9quemment si n\u00e9cessaire.<\/span><\/p>\n<p><span style=\"font-family: arial, helvetica, sans-serif;\"><strong>D\u00e9claration d&rsquo;Engagement<\/strong><\/span><\/p>\n<p><span style=\"font-family: arial, helvetica, sans-serif;\">Aligned est d\u00e9termin\u00e9 \u00e0 fournir un environnement sans barri\u00e8res pour toutes les personnes, y compris nos clients, employ\u00e9s, candidats, fournisseurs et tout visiteur pouvant entrer dans nos locaux, acc\u00e9der \u00e0 nos informations ou utiliser nos services. En tant qu&rsquo;organisation, nous respectons et appliquons les exigences \u00e9tablies par la LAPHO et ses normes et r\u00e8glements associ\u00e9s, et nous veillerons \u00e0 offrir un environnement \u00e9quitable, inclusif, s\u00fbr et accueillant qui respecte la dignit\u00e9 et l\u2019ind\u00e9pendance de chaque personne.<\/span><\/p>\n<p><span style=\"font-family: arial, helvetica, sans-serif;\">L\u2019objectif de la LAPHO est d\u2019atteindre une Ontario enti\u00e8rement accessible par l\u2019identification, la pr\u00e9vention et l\u2019\u00e9limination des barri\u00e8res. Pour atteindre cet objectif et r\u00e9pondre aux exigences de la LAPHO, ACPI a, et continuera \u00e0, int\u00e9grer des mesures d\u2019accessibilit\u00e9 dans nos politiques, proc\u00e9dures, formations, sites web et environnement. Les principes cl\u00e9s de la LAPHO, \u00e0 savoir l\u2019int\u00e9gration, l\u2019\u00e9galit\u00e9, la dignit\u00e9 et l\u2019ind\u00e9pendance seront appliqu\u00e9s, que ce soit pour une personne :<\/span><\/p>\n<ul style=\"list-style-type: square;\">\n<li><span style=\"font-family: arial, helvetica, sans-serif;\">Travaillant au sein ou visitant notre bureau ;<\/span><\/li>\n<li><span style=\"font-family: arial, helvetica, sans-serif;\">Acc\u00e9dant \u00e0 nos informations ;<\/span><\/li>\n<\/ul>\n<p><span style=\"font-family: arial, helvetica, sans-serif;\">En tant qu\u2019organisation, ACPI est engag\u00e9e \u00e0 r\u00e9pondre aux besoins des personnes handicap\u00e9es de mani\u00e8re rapide. Nous comprenons que fournir un environnement sans barri\u00e8res est un effort collectif, et en tant qu\u2019organisation, nous nous engageons \u00e0 travailler avec les parties n\u00e9cessaires pour rendre l\u2019accessibilit\u00e9 une r\u00e9alit\u00e9 pour tous.<\/span><\/p>\n<p><span style=\"font-family: arial, helvetica, sans-serif;\">Les questions, pr\u00e9occupations et\/ou commentaires concernant nos pratiques et\/ou politiques doivent \u00eatre adress\u00e9s aux Ressources Humaines. Notre Politique d&rsquo;Accessibilit\u00e9 est disponible sur demande et dans un format accessible si n\u00e9cessaire. Nous encourageons toute personne souhaitant fournir des commentaires relatifs \u00e0 l\u2019accessibilit\u00e9 \u00e0 le faire par courriel \u00e0 <a href=\"mailto:hr@alignedcapitalpartners.com\">hr@alignedcapitalpartners.com<\/a>.<span style=\"font-size: 12pt;\"> Notre processus de r\u00e9troaction peut \u00eatre disponible en formats alternatifs et\/ou nous pouvons fournir des supports de communication, sur demande.<\/span><\/span><\/p>\n<p><span style=\"font-family: arial, helvetica, sans-serif;\"><strong>Politique de Service \u00e0 la Client\u00e8le<\/strong><\/span><\/p>\n<ol>\n<li><span style=\"font-family: arial, helvetica, sans-serif;\">ACPI a d\u00e9velopp\u00e9 et mis en \u0153uvre une Politique de Service \u00e0 la Client\u00e8le Accessible sp\u00e9cifique \u00e0 notre organisation.<\/span><\/li>\n<li><span style=\"font-family: arial, helvetica, sans-serif;\">Notre D\u00e9claration d&rsquo;Engagement est communiqu\u00e9e au public sur notre site web.<\/span><\/li>\n<li><span style=\"font-family: arial, helvetica, sans-serif;\">ACPI a communiqu\u00e9 via notre site web que notre Politique de Service \u00e0 la Client\u00e8le et notre Plan Pluriannuel d\u2019Accessibilit\u00e9 sont disponibles sur demande.<\/span><\/li>\n<li><span style=\"font-family: arial, helvetica, sans-serif;\">Le site web d&rsquo;ACPI est conforme aux normes WCAG 2.0.<\/span><\/li>\n<li><span style=\"font-family: arial, helvetica, sans-serif;\">ACPI a d\u00e9velopp\u00e9 un processus pour recevoir et r\u00e9pondre aux commentaires relatifs \u00e0 l\u2019accessibilit\u00e9.<\/span><\/li>\n<\/ol>\n<p><span style=\"font-family: arial, helvetica, sans-serif;\"><strong>LAPHO et Emploi<\/strong><\/span><\/p>\n<ol>\n<li><span style=\"font-family: arial, helvetica, sans-serif;\">La formation sur la LAPHO et le Code des droits de la personne fait partie du processus d\u2019int\u00e9gration des nouveaux employ\u00e9s. Un registre des formations compl\u00e8tes est conserv\u00e9 par l&rsquo;Entreprise.<\/span><\/li>\n<li><span style=\"font-family: arial, helvetica, sans-serif;\">La formation sur la Norme de Service \u00e0 la Client\u00e8le fait partie de l\u2019int\u00e9gration des nouveaux employ\u00e9s. Un registre des formations compl\u00e8tes est conserv\u00e9 par l&rsquo;Entreprise.<\/span><\/li>\n<li><span style=\"font-family: arial, helvetica, sans-serif;\">ACPI a d\u00e9velopp\u00e9 une politique d\u2019Accessibilit\u00e9, y compris une d\u00e9claration d&rsquo;engagement envers les employ\u00e9s pour fournir un lieu de travail \u00e9quitable, inclusif et respectueux. Cette politique est fournie dans le cadre du processus d\u2019int\u00e9gration des nouveaux employ\u00e9s.<\/span><\/li>\n<li><span style=\"font-family: arial, helvetica, sans-serif;\">Les offres d&#8217;emploi informent les candidats que des accommodements sont disponibles sur demande.<\/span><\/li>\n<li><span style=\"font-family: arial, helvetica, sans-serif;\">Les lettres d\u2019offre informent les candidats s\u00e9lectionn\u00e9s que des accommodements sont disponibles sur demande.<\/span><\/li>\n<li><span style=\"font-family: arial, helvetica, sans-serif;\">Des Plans d&rsquo;Accommodation Individuels sont cr\u00e9\u00e9s au besoin, en consultation avec l&#8217;employ\u00e9 concern\u00e9.<\/span><\/li>\n<li><span style=\"font-family: arial, helvetica, sans-serif;\">Des Plans de Retour au Travail Individuels sont cr\u00e9\u00e9s au besoin, en consultation avec l&#8217;employ\u00e9 concern\u00e9 et toute directive m\u00e9dicale fournie.<\/span><\/li>\n<li><span style=\"font-family: arial, helvetica, sans-serif;\">Des Plans de R\u00e9ponse en Cas d\u2019Urgence Individuels seront cr\u00e9\u00e9s au besoin, en consultation avec l&#8217;employ\u00e9 concern\u00e9 pour garantir que les employ\u00e9s handicap\u00e9s ont acc\u00e8s \u00e0 une assistance lors d&rsquo;une urgence sur le lieu de travail.<\/span><\/li>\n<li><span style=\"font-family: arial, helvetica, sans-serif;\">Toutes les communications, politiques, plans et informations fournies aux candidats et aux employ\u00e9s peuvent \u00eatre fournies dans des formats accessibles et\/ou avec des supports de communication sur demande.<\/span><\/li>\n<li><span style=\"font-family: arial, helvetica, sans-serif;\">Le Comit\u00e9 Mixte de Sant\u00e9 et de S\u00e9curit\u00e9 est charg\u00e9 d&rsquo;inclure les politiques, pr\u00e9occupations et initiatives li\u00e9es \u00e0 l\u2019accessibilit\u00e9 dans le cadre de leur r\u00f4le continu au sein de l&rsquo;organisation.<\/span><\/li>\n<\/ol>\n<p><em>Notre Plan Pluriannuel, Politique d\u2019Accessibilit\u00e9 et Rapport de Conformit\u00e9 \u00e0 l\u2019Accessibilit\u00e9 sont disponibles sur demande et peuvent \u00eatre fournis dans un format accessible.<\/em><\/p>\n<p><span style=\"font-family: arial, helvetica, sans-serif;\"><strong>Pour consulter une copie de notre Politique d\u2019Accessibilit\u00e9, cliquez ici : <a href=\"http:\/\/acpinc.baudevelopment.com\/wp-content\/uploads\/2024\/03\/Accessibility-Policy-2024.pdf\">Politique d\u2019Accessibilit\u00e9 \u2013 2024<\/a><\/strong><\/span><\/p>\n<p><strong><span style=\"font-family: arial, helvetica, sans-serif;\">Pour consulter notre Rapport de Conformit\u00e9 \u00e0 l\u2019Accessibilit\u00e9, cliquez ici : <a href=\"http:\/\/acpinc.baudevelopment.com\/wp-content\/uploads\/2024\/03\/2023-Accessibility-Complaince-Report-1.pdf\">Rapport de Conformit\u00e9 \u00e0 l\u2019Accessibilit\u00e9 2023<\/a><\/span><\/strong><\/p>\n","protected":false},"excerpt":{"rendered":"<p>Notre Engagement envers l\u2019Accessibilit\u00e9 Aligned Capital Partners Inc. s\u2019efforce de fournir un environnement sans barri\u00e8res pour nos clients. En tant qu\u2019entreprise, nous respectons et appliquons les exigences \u00e9tablies par la Loi sur l&rsquo;accessibilit\u00e9 pour les personnes handicap\u00e9es de l&rsquo;Ontario (2005 Nous croyons qu&rsquo;il est de notre responsabilit\u00e9 de garantir un environnement s\u00fbr, digne et accueillant [&#8230;]<\/p>\n<p><a class=\"btn btn-secondary understrap-read-more-link\" href=\"https:\/\/acpinc.baudevelopment.com\/fr\/our-commitment-to-accessibility1830-2\/\">Lire la suite&#8230;<\/a><\/p>\n","protected":false},"author":1,"featured_media":0,"parent":0,"menu_order":0,"comment_status":"closed","ping_status":"closed","template":"","meta":{"_acf_changed":false,"inline_featured_image":false,"footnotes":""},"class_list":["post-2389","page","type-page","status-publish","hentry"],"acf":[],"yoast_head":"<!-- This site is optimized with the Yoast SEO plugin v27.4 - https:\/\/yoast.com\/product\/yoast-seo-wordpress\/ -->\n<title>Accessibilit\u00e9 - Aligned Capital Partners Inc.<\/title>\n<meta name=\"robots\" content=\"index, follow, max-snippet:-1, max-image-preview:large, max-video-preview:-1\" \/>\n<link rel=\"canonical\" href=\"https:\/\/acpinc.baudevelopment.com\/fr\/our-commitment-to-accessibility1830-2\/\" \/>\n<meta property=\"og:locale\" content=\"fr_FR\" \/>\n<meta property=\"og:type\" content=\"article\" \/>\n<meta property=\"og:title\" content=\"Accessibilit\u00e9 - Aligned Capital Partners Inc.\" \/>\n<meta property=\"og:description\" content=\"Notre Engagement envers l\u2019Accessibilit\u00e9 Aligned Capital Partners Inc. s\u2019efforce de fournir un environnement sans barri\u00e8res pour nos clients. En tant qu\u2019entreprise, nous respectons et appliquons les exigences \u00e9tablies par la Loi sur l&rsquo;accessibilit\u00e9 pour les personnes handicap\u00e9es de l&rsquo;Ontario (2005 Nous croyons qu&rsquo;il est de notre responsabilit\u00e9 de garantir un environnement s\u00fbr, digne et accueillant [...]Lire la suite...\" \/>\n<meta property=\"og:url\" content=\"https:\/\/acpinc.baudevelopment.com\/fr\/our-commitment-to-accessibility1830-2\/\" \/>\n<meta property=\"og:site_name\" content=\"Aligned Capital Partners Inc.\" \/>\n<meta property=\"article:modified_time\" content=\"2024-10-25T16:25:41+00:00\" \/>\n<meta name=\"twitter:card\" content=\"summary_large_image\" \/>\n<meta name=\"twitter:label1\" content=\"Dur\u00e9e de lecture estim\u00e9e\" \/>\n\t<meta name=\"twitter:data1\" content=\"4 minutes\" \/>\n<script type=\"application\/ld+json\" class=\"yoast-schema-graph\">{\"@context\":\"https:\\\/\\\/schema.org\",\"@graph\":[{\"@type\":\"WebPage\",\"@id\":\"https:\\\/\\\/acpinc.baudevelopment.com\\\/fr\\\/our-commitment-to-accessibility1830-2\\\/\",\"url\":\"https:\\\/\\\/acpinc.baudevelopment.com\\\/fr\\\/our-commitment-to-accessibility1830-2\\\/\",\"name\":\"Accessibilit\u00e9 - Aligned Capital Partners Inc.\",\"isPartOf\":{\"@id\":\"https:\\\/\\\/acpinc.baudevelopment.com\\\/fr\\\/#website\"},\"datePublished\":\"2023-09-07T20:43:09+00:00\",\"dateModified\":\"2024-10-25T16:25:41+00:00\",\"breadcrumb\":{\"@id\":\"https:\\\/\\\/acpinc.baudevelopment.com\\\/fr\\\/our-commitment-to-accessibility1830-2\\\/#breadcrumb\"},\"inLanguage\":\"fr-FR\",\"potentialAction\":[{\"@type\":\"ReadAction\",\"target\":[\"https:\\\/\\\/acpinc.baudevelopment.com\\\/fr\\\/our-commitment-to-accessibility1830-2\\\/\"]}]},{\"@type\":\"BreadcrumbList\",\"@id\":\"https:\\\/\\\/acpinc.baudevelopment.com\\\/fr\\\/our-commitment-to-accessibility1830-2\\\/#breadcrumb\",\"itemListElement\":[{\"@type\":\"ListItem\",\"position\":1,\"name\":\"Home\",\"item\":\"http:\\\/\\\/acpinc.baudevelopment.com\\\/fr\\\/\"},{\"@type\":\"ListItem\",\"position\":2,\"name\":\"Accessibilit\u00e9\"}]},{\"@type\":\"WebSite\",\"@id\":\"https:\\\/\\\/acpinc.baudevelopment.com\\\/fr\\\/#website\",\"url\":\"https:\\\/\\\/acpinc.baudevelopment.com\\\/fr\\\/\",\"name\":\"Aligned Capital Partners Inc.\",\"description\":\"Empowering Advisors to Run Their Business Their Way\",\"publisher\":{\"@id\":\"https:\\\/\\\/acpinc.baudevelopment.com\\\/fr\\\/#organization\"},\"potentialAction\":[{\"@type\":\"SearchAction\",\"target\":{\"@type\":\"EntryPoint\",\"urlTemplate\":\"https:\\\/\\\/acpinc.baudevelopment.com\\\/fr\\\/?s={search_term_string}\"},\"query-input\":{\"@type\":\"PropertyValueSpecification\",\"valueRequired\":true,\"valueName\":\"search_term_string\"}}],\"inLanguage\":\"fr-FR\"},{\"@type\":\"Organization\",\"@id\":\"https:\\\/\\\/acpinc.baudevelopment.com\\\/fr\\\/#organization\",\"name\":\"Aligned Capital Partners Inc.\",\"url\":\"https:\\\/\\\/acpinc.baudevelopment.com\\\/fr\\\/\",\"logo\":{\"@type\":\"ImageObject\",\"inLanguage\":\"fr-FR\",\"@id\":\"https:\\\/\\\/acpinc.baudevelopment.com\\\/fr\\\/#\\\/schema\\\/logo\\\/image\\\/\",\"url\":\"http:\\\/\\\/acpinc.baudevelopment.com\\\/wp-content\\\/uploads\\\/2018\\\/08\\\/acp_logo.png\",\"contentUrl\":\"http:\\\/\\\/acpinc.baudevelopment.com\\\/wp-content\\\/uploads\\\/2018\\\/08\\\/acp_logo.png\",\"width\":894,\"height\":240,\"caption\":\"Aligned Capital Partners Inc.\"},\"image\":{\"@id\":\"https:\\\/\\\/acpinc.baudevelopment.com\\\/fr\\\/#\\\/schema\\\/logo\\\/image\\\/\"},\"sameAs\":[\"https:\\\/\\\/www.linkedin.com\\\/company\\\/aligned-capital-partners-inc-\\\/\"]}]}<\/script>\n<!-- \/ Yoast SEO plugin. -->","yoast_head_json":{"title":"Accessibilit\u00e9 - Aligned Capital Partners Inc.","robots":{"index":"index","follow":"follow","max-snippet":"max-snippet:-1","max-image-preview":"max-image-preview:large","max-video-preview":"max-video-preview:-1"},"canonical":"https:\/\/acpinc.baudevelopment.com\/fr\/our-commitment-to-accessibility1830-2\/","og_locale":"fr_FR","og_type":"article","og_title":"Accessibilit\u00e9 - Aligned Capital Partners Inc.","og_description":"Notre Engagement envers l\u2019Accessibilit\u00e9 Aligned Capital Partners Inc. s\u2019efforce de fournir un environnement sans barri\u00e8res pour nos clients. En tant qu\u2019entreprise, nous respectons et appliquons les exigences \u00e9tablies par la Loi sur l&rsquo;accessibilit\u00e9 pour les personnes handicap\u00e9es de l&rsquo;Ontario (2005 Nous croyons qu&rsquo;il est de notre responsabilit\u00e9 de garantir un environnement s\u00fbr, digne et accueillant [...]Lire la suite...","og_url":"https:\/\/acpinc.baudevelopment.com\/fr\/our-commitment-to-accessibility1830-2\/","og_site_name":"Aligned Capital Partners Inc.","article_modified_time":"2024-10-25T16:25:41+00:00","twitter_card":"summary_large_image","twitter_misc":{"Dur\u00e9e de lecture estim\u00e9e":"4 minutes"},"schema":{"@context":"https:\/\/schema.org","@graph":[{"@type":"WebPage","@id":"https:\/\/acpinc.baudevelopment.com\/fr\/our-commitment-to-accessibility1830-2\/","url":"https:\/\/acpinc.baudevelopment.com\/fr\/our-commitment-to-accessibility1830-2\/","name":"Accessibilit\u00e9 - Aligned Capital Partners Inc.","isPartOf":{"@id":"https:\/\/acpinc.baudevelopment.com\/fr\/#website"},"datePublished":"2023-09-07T20:43:09+00:00","dateModified":"2024-10-25T16:25:41+00:00","breadcrumb":{"@id":"https:\/\/acpinc.baudevelopment.com\/fr\/our-commitment-to-accessibility1830-2\/#breadcrumb"},"inLanguage":"fr-FR","potentialAction":[{"@type":"ReadAction","target":["https:\/\/acpinc.baudevelopment.com\/fr\/our-commitment-to-accessibility1830-2\/"]}]},{"@type":"BreadcrumbList","@id":"https:\/\/acpinc.baudevelopment.com\/fr\/our-commitment-to-accessibility1830-2\/#breadcrumb","itemListElement":[{"@type":"ListItem","position":1,"name":"Home","item":"http:\/\/acpinc.baudevelopment.com\/fr\/"},{"@type":"ListItem","position":2,"name":"Accessibilit\u00e9"}]},{"@type":"WebSite","@id":"https:\/\/acpinc.baudevelopment.com\/fr\/#website","url":"https:\/\/acpinc.baudevelopment.com\/fr\/","name":"Aligned Capital Partners Inc.","description":"Empowering Advisors to Run Their Business Their Way","publisher":{"@id":"https:\/\/acpinc.baudevelopment.com\/fr\/#organization"},"potentialAction":[{"@type":"SearchAction","target":{"@type":"EntryPoint","urlTemplate":"https:\/\/acpinc.baudevelopment.com\/fr\/?s={search_term_string}"},"query-input":{"@type":"PropertyValueSpecification","valueRequired":true,"valueName":"search_term_string"}}],"inLanguage":"fr-FR"},{"@type":"Organization","@id":"https:\/\/acpinc.baudevelopment.com\/fr\/#organization","name":"Aligned Capital Partners Inc.","url":"https:\/\/acpinc.baudevelopment.com\/fr\/","logo":{"@type":"ImageObject","inLanguage":"fr-FR","@id":"https:\/\/acpinc.baudevelopment.com\/fr\/#\/schema\/logo\/image\/","url":"http:\/\/acpinc.baudevelopment.com\/wp-content\/uploads\/2018\/08\/acp_logo.png","contentUrl":"http:\/\/acpinc.baudevelopment.com\/wp-content\/uploads\/2018\/08\/acp_logo.png","width":894,"height":240,"caption":"Aligned Capital Partners Inc."},"image":{"@id":"https:\/\/acpinc.baudevelopment.com\/fr\/#\/schema\/logo\/image\/"},"sameAs":["https:\/\/www.linkedin.com\/company\/aligned-capital-partners-inc-\/"]}]}},"_links":{"self":[{"href":"https:\/\/acpinc.baudevelopment.com\/fr\/wp-json\/wp\/v2\/pages\/2389","targetHints":{"allow":["GET"]}}],"collection":[{"href":"https:\/\/acpinc.baudevelopment.com\/fr\/wp-json\/wp\/v2\/pages"}],"about":[{"href":"https:\/\/acpinc.baudevelopment.com\/fr\/wp-json\/wp\/v2\/types\/page"}],"author":[{"embeddable":true,"href":"https:\/\/acpinc.baudevelopment.com\/fr\/wp-json\/wp\/v2\/users\/1"}],"replies":[{"embeddable":true,"href":"https:\/\/acpinc.baudevelopment.com\/fr\/wp-json\/wp\/v2\/comments?post=2389"}],"version-history":[{"count":6,"href":"https:\/\/acpinc.baudevelopment.com\/fr\/wp-json\/wp\/v2\/pages\/2389\/revisions"}],"predecessor-version":[{"id":2480,"href":"https:\/\/acpinc.baudevelopment.com\/fr\/wp-json\/wp\/v2\/pages\/2389\/revisions\/2480"}],"wp:attachment":[{"href":"https:\/\/acpinc.baudevelopment.com\/fr\/wp-json\/wp\/v2\/media?parent=2389"}],"curies":[{"name":"wp","href":"https:\/\/api.w.org\/{rel}","templated":true}]}}