{"id":2386,"date":"2018-08-08T14:23:08","date_gmt":"2018-08-08T18:23:08","guid":{"rendered":"http:\/\/acpinc.baudevelopment.com\/contact-us\/"},"modified":"2024-10-25T12:25:00","modified_gmt":"2024-10-25T16:25:00","slug":"contact-us","status":"publish","type":"page","link":"https:\/\/acpinc.baudevelopment.com\/fr\/contact-us\/","title":{"rendered":"Contactez-Nous"},"content":{"rendered":"<p style=\"text-align: center;\"><span style=\"font-family: arial, helvetica, sans-serif; font-size: 14pt;\">Demandes G\u00e9n\u00e9rales Par E-mail : <a href=\"mailto:info@alignedcapitalpartners.com\">info@alignedcapitalpartners.com<\/a><\/span><\/p>\n<address><span style=\"font-family: arial, helvetica, sans-serif; font-size: 14pt;\">Adresse du Si\u00e8ge Social : <a href=\"https:\/\/goo.gl\/maps\/wXUUR8BmnfE2\" target=\"_blank\" rel=\"noopener\">1001 Champlain Avenue, Suite 300, Burlington, ON, L7L 5Z4, Canada<\/a><\/span><\/address>\n<ul style=\"list-style-type: square;\">\n<li style=\"text-align: center;\"><span style=\"font-family: arial, helvetica, sans-serif; font-size: 14pt;\">Sans Frais : <a href=\"tel:18005614368\">1-800-561-4368<\/a><\/span><\/li>\n<li style=\"text-align: center;\"><span style=\"font-family: arial, helvetica, sans-serif; font-size: 14pt;\">T\u00e9l\u00e9phone : <a href=\"tel:19056395115\">(905) 639-5115<\/a><\/span><\/li>\n<li style=\"text-align: center;\"><span style=\"font-family: arial, helvetica, sans-serif; font-size: 14pt;\">Fax : (905) 634-8021<\/span><\/li>\n<\/ul>\n<h2><\/h2>\n<p>&nbsp;<\/p>\n<h2 style=\"text-align: left;\"><strong><span style=\"font-size: 18pt; font-family: arial, helvetica, sans-serif;\"><em>Int\u00e9ress\u00e9 par notre programme de conseillers ?<\/em> <\/span><\/strong><\/h2>\n<p style=\"text-align: left;\"><span style=\"font-size: 14pt;\"><span style=\"font-family: arial, helvetica, sans-serif;\">Contactez notre <a href=\"mailto:TJenkin@alignedcapitalpartners.com\"><span style=\"color: #bf8329;\">Responsable des Ventes<\/span><\/a> pour plus de d\u00e9tails.<\/span><\/span><\/p>\n<h2><\/h2>\n<p>&nbsp;<\/p>\n<h2 style=\"text-align: left;\"><span style=\"font-size: 18pt; font-family: arial, helvetica, sans-serif;\"><strong>Transferts<\/strong><\/span><\/h2>\n<p style=\"text-align: left;\"><em><span style=\"font-family: arial, helvetica, sans-serif; font-size: 14pt;\"><strong>Toutes les demandes et questions concernant les transferts doivent \u00eatre envoy\u00e9es directement \u00e0 notre Courtier Principal, CI Investment Services Inc., comme suit :<\/strong><\/span><\/em><\/p>\n<p style=\"text-align: left;\"><span style=\"font-family: arial, helvetica, sans-serif; font-size: 14pt;\">CI Investment Services Inc. ACCOUNT TRANSFERS DEPARTMENT<\/span><\/p>\n<p style=\"text-align: left;\"><span style=\"font-family: arial, helvetica, sans-serif; font-size: 14pt;\">15 York Street, 7th Floor Toronto, Ontario, M5J 0A3<\/span><\/p>\n<p style=\"text-align: left;\"><span style=\"font-family: arial, helvetica, sans-serif; font-size: 14pt;\">T\u00e9l\u00e9phone : (1) 877-310-1088\u00a0 \/\u00a0 Fax : (416) 288-8611 <\/span><\/p>\n<p style=\"text-align: left;\"><span style=\"font-family: arial, helvetica, sans-serif; font-size: 14pt;\">Email : transfer_ciis@ci.com <\/span><\/p>\n<p style=\"text-align: left;\"><span style=\"font-family: arial, helvetica, sans-serif; font-size: 14pt;\">CUID : BBSM DTC: 5085 DEALER: 7736 <\/span><\/p>\n","protected":false},"excerpt":{"rendered":"<p>Demandes G\u00e9n\u00e9rales Par E-mail : info@alignedcapitalpartners.com Adresse du Si\u00e8ge Social : 1001 Champlain Avenue, Suite 300, Burlington, ON, L7L 5Z4, Canada Sans Frais : 1-800-561-4368 T\u00e9l\u00e9phone : (905) 639-5115 Fax : (905) 634-8021 &nbsp; Int\u00e9ress\u00e9 par notre programme de conseillers ? Contactez notre Responsable des Ventes pour plus de d\u00e9tails. &nbsp; Transferts Toutes les demandes [&#8230;]<\/p>\n<p><a class=\"btn btn-secondary understrap-read-more-link\" href=\"https:\/\/acpinc.baudevelopment.com\/fr\/contact-us\/\">Lire la suite&#8230;<\/a><\/p>\n","protected":false},"author":1,"featured_media":2130,"parent":0,"menu_order":44,"comment_status":"closed","ping_status":"closed","template":"","meta":{"_acf_changed":false,"inline_featured_image":false,"footnotes":""},"class_list":["post-2386","page","type-page","status-publish","has-post-thumbnail","hentry"],"acf":[],"yoast_head":"<!-- This site is optimized with the Yoast SEO plugin v27.4 - https:\/\/yoast.com\/product\/yoast-seo-wordpress\/ -->\n<title>Contactez-Nous - Aligned Capital Partners Inc.<\/title>\n<meta name=\"description\" content=\"1001 Champlain Avenue, Suite 300Burlington, ON L7L 5Z4Canada\" \/>\n<meta name=\"robots\" content=\"index, follow, max-snippet:-1, max-image-preview:large, max-video-preview:-1\" \/>\n<link rel=\"canonical\" href=\"https:\/\/acpinc.baudevelopment.com\/fr\/contact-us\/\" \/>\n<meta property=\"og:locale\" content=\"fr_FR\" \/>\n<meta property=\"og:type\" content=\"article\" \/>\n<meta property=\"og:title\" content=\"Contactez-Nous - Aligned Capital Partners Inc.\" \/>\n<meta property=\"og:description\" content=\"1001 Champlain Avenue, Suite 300Burlington, ON L7L 5Z4Canada\" \/>\n<meta property=\"og:url\" content=\"https:\/\/acpinc.baudevelopment.com\/fr\/contact-us\/\" \/>\n<meta property=\"og:site_name\" content=\"Aligned Capital Partners Inc.\" \/>\n<meta property=\"article:modified_time\" content=\"2024-10-25T16:25:00+00:00\" \/>\n<meta property=\"og:image\" content=\"https:\/\/acpinc.baudevelopment.com\/wp-content\/uploads\/2018\/08\/contact_us_banner-1.jpg\" \/>\n\t<meta property=\"og:image:width\" content=\"1366\" \/>\n\t<meta property=\"og:image:height\" content=\"315\" \/>\n\t<meta property=\"og:image:type\" content=\"image\/jpeg\" \/>\n<meta name=\"twitter:card\" content=\"summary_large_image\" \/>\n<meta name=\"twitter:label1\" content=\"Dur\u00e9e de lecture estim\u00e9e\" \/>\n\t<meta name=\"twitter:data1\" content=\"1 minute\" \/>\n<script type=\"application\/ld+json\" class=\"yoast-schema-graph\">{\"@context\":\"https:\\\/\\\/schema.org\",\"@graph\":[{\"@type\":\"WebPage\",\"@id\":\"https:\\\/\\\/acpinc.baudevelopment.com\\\/fr\\\/contact-us\\\/\",\"url\":\"https:\\\/\\\/acpinc.baudevelopment.com\\\/fr\\\/contact-us\\\/\",\"name\":\"Contactez-Nous - Aligned Capital Partners Inc.\",\"isPartOf\":{\"@id\":\"https:\\\/\\\/acpinc.baudevelopment.com\\\/fr\\\/#website\"},\"primaryImageOfPage\":{\"@id\":\"https:\\\/\\\/acpinc.baudevelopment.com\\\/fr\\\/contact-us\\\/#primaryimage\"},\"image\":{\"@id\":\"https:\\\/\\\/acpinc.baudevelopment.com\\\/fr\\\/contact-us\\\/#primaryimage\"},\"thumbnailUrl\":\"https:\\\/\\\/acpinc.baudevelopment.com\\\/wp-content\\\/uploads\\\/2018\\\/08\\\/contact_us_banner-1.jpg\",\"datePublished\":\"2018-08-08T18:23:08+00:00\",\"dateModified\":\"2024-10-25T16:25:00+00:00\",\"description\":\"1001 Champlain Avenue, Suite 300Burlington, ON L7L 5Z4Canada\",\"breadcrumb\":{\"@id\":\"https:\\\/\\\/acpinc.baudevelopment.com\\\/fr\\\/contact-us\\\/#breadcrumb\"},\"inLanguage\":\"fr-FR\",\"potentialAction\":[{\"@type\":\"ReadAction\",\"target\":[\"https:\\\/\\\/acpinc.baudevelopment.com\\\/fr\\\/contact-us\\\/\"]}]},{\"@type\":\"ImageObject\",\"inLanguage\":\"fr-FR\",\"@id\":\"https:\\\/\\\/acpinc.baudevelopment.com\\\/fr\\\/contact-us\\\/#primaryimage\",\"url\":\"https:\\\/\\\/acpinc.baudevelopment.com\\\/wp-content\\\/uploads\\\/2018\\\/08\\\/contact_us_banner-1.jpg\",\"contentUrl\":\"https:\\\/\\\/acpinc.baudevelopment.com\\\/wp-content\\\/uploads\\\/2018\\\/08\\\/contact_us_banner-1.jpg\",\"width\":1366,\"height\":315},{\"@type\":\"BreadcrumbList\",\"@id\":\"https:\\\/\\\/acpinc.baudevelopment.com\\\/fr\\\/contact-us\\\/#breadcrumb\",\"itemListElement\":[{\"@type\":\"ListItem\",\"position\":1,\"name\":\"Home\",\"item\":\"http:\\\/\\\/acpinc.baudevelopment.com\\\/fr\\\/\"},{\"@type\":\"ListItem\",\"position\":2,\"name\":\"Contactez-Nous\"}]},{\"@type\":\"WebSite\",\"@id\":\"https:\\\/\\\/acpinc.baudevelopment.com\\\/fr\\\/#website\",\"url\":\"https:\\\/\\\/acpinc.baudevelopment.com\\\/fr\\\/\",\"name\":\"Aligned Capital Partners Inc.\",\"description\":\"Empowering Advisors to Run Their Business Their Way\",\"publisher\":{\"@id\":\"https:\\\/\\\/acpinc.baudevelopment.com\\\/fr\\\/#organization\"},\"potentialAction\":[{\"@type\":\"SearchAction\",\"target\":{\"@type\":\"EntryPoint\",\"urlTemplate\":\"https:\\\/\\\/acpinc.baudevelopment.com\\\/fr\\\/?s={search_term_string}\"},\"query-input\":{\"@type\":\"PropertyValueSpecification\",\"valueRequired\":true,\"valueName\":\"search_term_string\"}}],\"inLanguage\":\"fr-FR\"},{\"@type\":\"Organization\",\"@id\":\"https:\\\/\\\/acpinc.baudevelopment.com\\\/fr\\\/#organization\",\"name\":\"Aligned Capital Partners Inc.\",\"url\":\"https:\\\/\\\/acpinc.baudevelopment.com\\\/fr\\\/\",\"logo\":{\"@type\":\"ImageObject\",\"inLanguage\":\"fr-FR\",\"@id\":\"https:\\\/\\\/acpinc.baudevelopment.com\\\/fr\\\/#\\\/schema\\\/logo\\\/image\\\/\",\"url\":\"http:\\\/\\\/acpinc.baudevelopment.com\\\/wp-content\\\/uploads\\\/2018\\\/08\\\/acp_logo.png\",\"contentUrl\":\"http:\\\/\\\/acpinc.baudevelopment.com\\\/wp-content\\\/uploads\\\/2018\\\/08\\\/acp_logo.png\",\"width\":894,\"height\":240,\"caption\":\"Aligned Capital Partners Inc.\"},\"image\":{\"@id\":\"https:\\\/\\\/acpinc.baudevelopment.com\\\/fr\\\/#\\\/schema\\\/logo\\\/image\\\/\"},\"sameAs\":[\"https:\\\/\\\/www.linkedin.com\\\/company\\\/aligned-capital-partners-inc-\\\/\"]}]}<\/script>\n<!-- \/ Yoast SEO plugin. -->","yoast_head_json":{"title":"Contactez-Nous - Aligned Capital Partners Inc.","description":"1001 Champlain Avenue, Suite 300Burlington, ON L7L 5Z4Canada","robots":{"index":"index","follow":"follow","max-snippet":"max-snippet:-1","max-image-preview":"max-image-preview:large","max-video-preview":"max-video-preview:-1"},"canonical":"https:\/\/acpinc.baudevelopment.com\/fr\/contact-us\/","og_locale":"fr_FR","og_type":"article","og_title":"Contactez-Nous - Aligned Capital Partners Inc.","og_description":"1001 Champlain Avenue, Suite 300Burlington, ON L7L 5Z4Canada","og_url":"https:\/\/acpinc.baudevelopment.com\/fr\/contact-us\/","og_site_name":"Aligned Capital Partners Inc.","article_modified_time":"2024-10-25T16:25:00+00:00","og_image":[{"width":1366,"height":315,"url":"https:\/\/acpinc.baudevelopment.com\/wp-content\/uploads\/2018\/08\/contact_us_banner-1.jpg","type":"image\/jpeg"}],"twitter_card":"summary_large_image","twitter_misc":{"Dur\u00e9e de lecture estim\u00e9e":"1 minute"},"schema":{"@context":"https:\/\/schema.org","@graph":[{"@type":"WebPage","@id":"https:\/\/acpinc.baudevelopment.com\/fr\/contact-us\/","url":"https:\/\/acpinc.baudevelopment.com\/fr\/contact-us\/","name":"Contactez-Nous - Aligned Capital Partners Inc.","isPartOf":{"@id":"https:\/\/acpinc.baudevelopment.com\/fr\/#website"},"primaryImageOfPage":{"@id":"https:\/\/acpinc.baudevelopment.com\/fr\/contact-us\/#primaryimage"},"image":{"@id":"https:\/\/acpinc.baudevelopment.com\/fr\/contact-us\/#primaryimage"},"thumbnailUrl":"https:\/\/acpinc.baudevelopment.com\/wp-content\/uploads\/2018\/08\/contact_us_banner-1.jpg","datePublished":"2018-08-08T18:23:08+00:00","dateModified":"2024-10-25T16:25:00+00:00","description":"1001 Champlain Avenue, Suite 300Burlington, ON L7L 5Z4Canada","breadcrumb":{"@id":"https:\/\/acpinc.baudevelopment.com\/fr\/contact-us\/#breadcrumb"},"inLanguage":"fr-FR","potentialAction":[{"@type":"ReadAction","target":["https:\/\/acpinc.baudevelopment.com\/fr\/contact-us\/"]}]},{"@type":"ImageObject","inLanguage":"fr-FR","@id":"https:\/\/acpinc.baudevelopment.com\/fr\/contact-us\/#primaryimage","url":"https:\/\/acpinc.baudevelopment.com\/wp-content\/uploads\/2018\/08\/contact_us_banner-1.jpg","contentUrl":"https:\/\/acpinc.baudevelopment.com\/wp-content\/uploads\/2018\/08\/contact_us_banner-1.jpg","width":1366,"height":315},{"@type":"BreadcrumbList","@id":"https:\/\/acpinc.baudevelopment.com\/fr\/contact-us\/#breadcrumb","itemListElement":[{"@type":"ListItem","position":1,"name":"Home","item":"http:\/\/acpinc.baudevelopment.com\/fr\/"},{"@type":"ListItem","position":2,"name":"Contactez-Nous"}]},{"@type":"WebSite","@id":"https:\/\/acpinc.baudevelopment.com\/fr\/#website","url":"https:\/\/acpinc.baudevelopment.com\/fr\/","name":"Aligned Capital Partners Inc.","description":"Empowering Advisors to Run Their Business Their Way","publisher":{"@id":"https:\/\/acpinc.baudevelopment.com\/fr\/#organization"},"potentialAction":[{"@type":"SearchAction","target":{"@type":"EntryPoint","urlTemplate":"https:\/\/acpinc.baudevelopment.com\/fr\/?s={search_term_string}"},"query-input":{"@type":"PropertyValueSpecification","valueRequired":true,"valueName":"search_term_string"}}],"inLanguage":"fr-FR"},{"@type":"Organization","@id":"https:\/\/acpinc.baudevelopment.com\/fr\/#organization","name":"Aligned Capital Partners Inc.","url":"https:\/\/acpinc.baudevelopment.com\/fr\/","logo":{"@type":"ImageObject","inLanguage":"fr-FR","@id":"https:\/\/acpinc.baudevelopment.com\/fr\/#\/schema\/logo\/image\/","url":"http:\/\/acpinc.baudevelopment.com\/wp-content\/uploads\/2018\/08\/acp_logo.png","contentUrl":"http:\/\/acpinc.baudevelopment.com\/wp-content\/uploads\/2018\/08\/acp_logo.png","width":894,"height":240,"caption":"Aligned Capital Partners Inc."},"image":{"@id":"https:\/\/acpinc.baudevelopment.com\/fr\/#\/schema\/logo\/image\/"},"sameAs":["https:\/\/www.linkedin.com\/company\/aligned-capital-partners-inc-\/"]}]}},"_links":{"self":[{"href":"https:\/\/acpinc.baudevelopment.com\/fr\/wp-json\/wp\/v2\/pages\/2386","targetHints":{"allow":["GET"]}}],"collection":[{"href":"https:\/\/acpinc.baudevelopment.com\/fr\/wp-json\/wp\/v2\/pages"}],"about":[{"href":"https:\/\/acpinc.baudevelopment.com\/fr\/wp-json\/wp\/v2\/types\/page"}],"author":[{"embeddable":true,"href":"https:\/\/acpinc.baudevelopment.com\/fr\/wp-json\/wp\/v2\/users\/1"}],"replies":[{"embeddable":true,"href":"https:\/\/acpinc.baudevelopment.com\/fr\/wp-json\/wp\/v2\/comments?post=2386"}],"version-history":[{"count":5,"href":"https:\/\/acpinc.baudevelopment.com\/fr\/wp-json\/wp\/v2\/pages\/2386\/revisions"}],"predecessor-version":[{"id":2479,"href":"https:\/\/acpinc.baudevelopment.com\/fr\/wp-json\/wp\/v2\/pages\/2386\/revisions\/2479"}],"wp:featuredmedia":[{"embeddable":true,"href":"https:\/\/acpinc.baudevelopment.com\/fr\/wp-json\/wp\/v2\/media\/2130"}],"wp:attachment":[{"href":"https:\/\/acpinc.baudevelopment.com\/fr\/wp-json\/wp\/v2\/media?parent=2386"}],"curies":[{"name":"wp","href":"https:\/\/api.w.org\/{rel}","templated":true}]}}