{"id":2358,"date":"2018-08-08T14:21:13","date_gmt":"2018-08-08T18:21:13","guid":{"rendered":"http:\/\/acpinc.baudevelopment.com\/platform-independence\/"},"modified":"2024-10-19T14:57:01","modified_gmt":"2024-10-19T18:57:01","slug":"platform-independence","status":"publish","type":"page","link":"https:\/\/acpinc.baudevelopment.com\/fr\/platform-independence\/","title":{"rendered":"Platform-Independence"},"content":{"rendered":"<p><span>Aligned Capital Partners Inc. <\/span>a \u00e9t\u00e9 fond\u00e9e sur un fort esprit entrepreneurial, qui est un moteur cl\u00e9 de la pens\u00e9e ind\u00e9pendante. En mettant en place la bonne structure interne et le personnel appropri\u00e9s, les conseillers peuvent g\u00e9rer leurs affaires \u00e0 leur mani\u00e8re.<\/p>\n","protected":false},"excerpt":{"rendered":"<p>Aligned Capital Partners Inc. a \u00e9t\u00e9 fond\u00e9e sur un fort esprit entrepreneurial, qui est un moteur cl\u00e9 de la pens\u00e9e ind\u00e9pendante. En mettant en place la bonne structure interne et le personnel appropri\u00e9s, les conseillers peuvent g\u00e9rer leurs affaires \u00e0 leur mani\u00e8re. [&#8230;]<\/p>\n<p><a class=\"btn btn-secondary understrap-read-more-link\" href=\"https:\/\/acpinc.baudevelopment.com\/fr\/platform-independence\/\">Lire la suite&#8230;<\/a><\/p>\n","protected":false},"author":1,"featured_media":2132,"parent":0,"menu_order":46,"comment_status":"closed","ping_status":"closed","template":"","meta":{"_acf_changed":false,"inline_featured_image":false,"footnotes":""},"class_list":["post-2358","page","type-page","status-publish","has-post-thumbnail","hentry"],"acf":[],"yoast_head":"<!-- This site is optimized with the Yoast SEO plugin v27.4 - https:\/\/yoast.com\/product\/yoast-seo-wordpress\/ -->\n<title>Platform-Independence - Aligned Capital Partners Inc.<\/title>\n<meta name=\"description\" content=\"By putting the right internal structure and staff in place, advisors can run their businesses, their way.\" \/>\n<meta name=\"robots\" content=\"index, follow, max-snippet:-1, max-image-preview:large, max-video-preview:-1\" \/>\n<link rel=\"canonical\" href=\"https:\/\/acpinc.baudevelopment.com\/fr\/platform-independence\/\" \/>\n<meta property=\"og:locale\" content=\"fr_FR\" \/>\n<meta property=\"og:type\" content=\"article\" \/>\n<meta property=\"og:title\" content=\"Platform-Independence - Aligned Capital Partners Inc.\" \/>\n<meta property=\"og:description\" content=\"By putting the right internal structure and staff in place, advisors can run their businesses, their way.\" \/>\n<meta property=\"og:url\" content=\"https:\/\/acpinc.baudevelopment.com\/fr\/platform-independence\/\" \/>\n<meta property=\"og:site_name\" content=\"Aligned Capital Partners Inc.\" \/>\n<meta property=\"article:modified_time\" content=\"2024-10-19T18:57:01+00:00\" \/>\n<meta property=\"og:image\" content=\"https:\/\/acpinc.baudevelopment.com\/wp-content\/uploads\/2018\/08\/platform_independence_banner-1.jpg\" \/>\n\t<meta property=\"og:image:width\" content=\"1366\" \/>\n\t<meta property=\"og:image:height\" content=\"315\" \/>\n\t<meta property=\"og:image:type\" content=\"image\/jpeg\" \/>\n<meta name=\"twitter:card\" content=\"summary_large_image\" \/>\n<meta name=\"twitter:label1\" content=\"Dur\u00e9e de lecture estim\u00e9e\" \/>\n\t<meta name=\"twitter:data1\" content=\"2 minutes\" \/>\n<script type=\"application\/ld+json\" class=\"yoast-schema-graph\">{\"@context\":\"https:\\\/\\\/schema.org\",\"@graph\":[{\"@type\":\"WebPage\",\"@id\":\"https:\\\/\\\/acpinc.baudevelopment.com\\\/fr\\\/platform-independence\\\/\",\"url\":\"https:\\\/\\\/acpinc.baudevelopment.com\\\/fr\\\/platform-independence\\\/\",\"name\":\"Platform-Independence - Aligned Capital Partners Inc.\",\"isPartOf\":{\"@id\":\"https:\\\/\\\/acpinc.baudevelopment.com\\\/fr\\\/#website\"},\"primaryImageOfPage\":{\"@id\":\"https:\\\/\\\/acpinc.baudevelopment.com\\\/fr\\\/platform-independence\\\/#primaryimage\"},\"image\":{\"@id\":\"https:\\\/\\\/acpinc.baudevelopment.com\\\/fr\\\/platform-independence\\\/#primaryimage\"},\"thumbnailUrl\":\"https:\\\/\\\/acpinc.baudevelopment.com\\\/wp-content\\\/uploads\\\/2018\\\/08\\\/platform_independence_banner-1.jpg\",\"datePublished\":\"2018-08-08T18:21:13+00:00\",\"dateModified\":\"2024-10-19T18:57:01+00:00\",\"description\":\"By putting the right internal structure and staff in place, advisors can run their businesses, their way.\",\"breadcrumb\":{\"@id\":\"https:\\\/\\\/acpinc.baudevelopment.com\\\/fr\\\/platform-independence\\\/#breadcrumb\"},\"inLanguage\":\"fr-FR\",\"potentialAction\":[{\"@type\":\"ReadAction\",\"target\":[\"https:\\\/\\\/acpinc.baudevelopment.com\\\/fr\\\/platform-independence\\\/\"]}]},{\"@type\":\"ImageObject\",\"inLanguage\":\"fr-FR\",\"@id\":\"https:\\\/\\\/acpinc.baudevelopment.com\\\/fr\\\/platform-independence\\\/#primaryimage\",\"url\":\"https:\\\/\\\/acpinc.baudevelopment.com\\\/wp-content\\\/uploads\\\/2018\\\/08\\\/platform_independence_banner-1.jpg\",\"contentUrl\":\"https:\\\/\\\/acpinc.baudevelopment.com\\\/wp-content\\\/uploads\\\/2018\\\/08\\\/platform_independence_banner-1.jpg\",\"width\":1366,\"height\":315},{\"@type\":\"BreadcrumbList\",\"@id\":\"https:\\\/\\\/acpinc.baudevelopment.com\\\/fr\\\/platform-independence\\\/#breadcrumb\",\"itemListElement\":[{\"@type\":\"ListItem\",\"position\":1,\"name\":\"Home\",\"item\":\"http:\\\/\\\/acpinc.baudevelopment.com\\\/fr\\\/\"},{\"@type\":\"ListItem\",\"position\":2,\"name\":\"Platform-Independence\"}]},{\"@type\":\"WebSite\",\"@id\":\"https:\\\/\\\/acpinc.baudevelopment.com\\\/fr\\\/#website\",\"url\":\"https:\\\/\\\/acpinc.baudevelopment.com\\\/fr\\\/\",\"name\":\"Aligned Capital Partners Inc.\",\"description\":\"Empowering Advisors to Run Their Business Their Way\",\"publisher\":{\"@id\":\"https:\\\/\\\/acpinc.baudevelopment.com\\\/fr\\\/#organization\"},\"potentialAction\":[{\"@type\":\"SearchAction\",\"target\":{\"@type\":\"EntryPoint\",\"urlTemplate\":\"https:\\\/\\\/acpinc.baudevelopment.com\\\/fr\\\/?s={search_term_string}\"},\"query-input\":{\"@type\":\"PropertyValueSpecification\",\"valueRequired\":true,\"valueName\":\"search_term_string\"}}],\"inLanguage\":\"fr-FR\"},{\"@type\":\"Organization\",\"@id\":\"https:\\\/\\\/acpinc.baudevelopment.com\\\/fr\\\/#organization\",\"name\":\"Aligned Capital Partners Inc.\",\"url\":\"https:\\\/\\\/acpinc.baudevelopment.com\\\/fr\\\/\",\"logo\":{\"@type\":\"ImageObject\",\"inLanguage\":\"fr-FR\",\"@id\":\"https:\\\/\\\/acpinc.baudevelopment.com\\\/fr\\\/#\\\/schema\\\/logo\\\/image\\\/\",\"url\":\"http:\\\/\\\/acpinc.baudevelopment.com\\\/wp-content\\\/uploads\\\/2018\\\/08\\\/acp_logo.png\",\"contentUrl\":\"http:\\\/\\\/acpinc.baudevelopment.com\\\/wp-content\\\/uploads\\\/2018\\\/08\\\/acp_logo.png\",\"width\":894,\"height\":240,\"caption\":\"Aligned Capital Partners Inc.\"},\"image\":{\"@id\":\"https:\\\/\\\/acpinc.baudevelopment.com\\\/fr\\\/#\\\/schema\\\/logo\\\/image\\\/\"},\"sameAs\":[\"https:\\\/\\\/www.linkedin.com\\\/company\\\/aligned-capital-partners-inc-\\\/\"]}]}<\/script>\n<!-- \/ Yoast SEO plugin. -->","yoast_head_json":{"title":"Platform-Independence - Aligned Capital Partners Inc.","description":"By putting the right internal structure and staff in place, advisors can run their businesses, their way.","robots":{"index":"index","follow":"follow","max-snippet":"max-snippet:-1","max-image-preview":"max-image-preview:large","max-video-preview":"max-video-preview:-1"},"canonical":"https:\/\/acpinc.baudevelopment.com\/fr\/platform-independence\/","og_locale":"fr_FR","og_type":"article","og_title":"Platform-Independence - Aligned Capital Partners Inc.","og_description":"By putting the right internal structure and staff in place, advisors can run their businesses, their way.","og_url":"https:\/\/acpinc.baudevelopment.com\/fr\/platform-independence\/","og_site_name":"Aligned Capital Partners Inc.","article_modified_time":"2024-10-19T18:57:01+00:00","og_image":[{"width":1366,"height":315,"url":"https:\/\/acpinc.baudevelopment.com\/wp-content\/uploads\/2018\/08\/platform_independence_banner-1.jpg","type":"image\/jpeg"}],"twitter_card":"summary_large_image","twitter_misc":{"Dur\u00e9e de lecture estim\u00e9e":"2 minutes"},"schema":{"@context":"https:\/\/schema.org","@graph":[{"@type":"WebPage","@id":"https:\/\/acpinc.baudevelopment.com\/fr\/platform-independence\/","url":"https:\/\/acpinc.baudevelopment.com\/fr\/platform-independence\/","name":"Platform-Independence - Aligned Capital Partners Inc.","isPartOf":{"@id":"https:\/\/acpinc.baudevelopment.com\/fr\/#website"},"primaryImageOfPage":{"@id":"https:\/\/acpinc.baudevelopment.com\/fr\/platform-independence\/#primaryimage"},"image":{"@id":"https:\/\/acpinc.baudevelopment.com\/fr\/platform-independence\/#primaryimage"},"thumbnailUrl":"https:\/\/acpinc.baudevelopment.com\/wp-content\/uploads\/2018\/08\/platform_independence_banner-1.jpg","datePublished":"2018-08-08T18:21:13+00:00","dateModified":"2024-10-19T18:57:01+00:00","description":"By putting the right internal structure and staff in place, advisors can run their businesses, their way.","breadcrumb":{"@id":"https:\/\/acpinc.baudevelopment.com\/fr\/platform-independence\/#breadcrumb"},"inLanguage":"fr-FR","potentialAction":[{"@type":"ReadAction","target":["https:\/\/acpinc.baudevelopment.com\/fr\/platform-independence\/"]}]},{"@type":"ImageObject","inLanguage":"fr-FR","@id":"https:\/\/acpinc.baudevelopment.com\/fr\/platform-independence\/#primaryimage","url":"https:\/\/acpinc.baudevelopment.com\/wp-content\/uploads\/2018\/08\/platform_independence_banner-1.jpg","contentUrl":"https:\/\/acpinc.baudevelopment.com\/wp-content\/uploads\/2018\/08\/platform_independence_banner-1.jpg","width":1366,"height":315},{"@type":"BreadcrumbList","@id":"https:\/\/acpinc.baudevelopment.com\/fr\/platform-independence\/#breadcrumb","itemListElement":[{"@type":"ListItem","position":1,"name":"Home","item":"http:\/\/acpinc.baudevelopment.com\/fr\/"},{"@type":"ListItem","position":2,"name":"Platform-Independence"}]},{"@type":"WebSite","@id":"https:\/\/acpinc.baudevelopment.com\/fr\/#website","url":"https:\/\/acpinc.baudevelopment.com\/fr\/","name":"Aligned Capital Partners Inc.","description":"Empowering Advisors to Run Their Business Their Way","publisher":{"@id":"https:\/\/acpinc.baudevelopment.com\/fr\/#organization"},"potentialAction":[{"@type":"SearchAction","target":{"@type":"EntryPoint","urlTemplate":"https:\/\/acpinc.baudevelopment.com\/fr\/?s={search_term_string}"},"query-input":{"@type":"PropertyValueSpecification","valueRequired":true,"valueName":"search_term_string"}}],"inLanguage":"fr-FR"},{"@type":"Organization","@id":"https:\/\/acpinc.baudevelopment.com\/fr\/#organization","name":"Aligned Capital Partners Inc.","url":"https:\/\/acpinc.baudevelopment.com\/fr\/","logo":{"@type":"ImageObject","inLanguage":"fr-FR","@id":"https:\/\/acpinc.baudevelopment.com\/fr\/#\/schema\/logo\/image\/","url":"http:\/\/acpinc.baudevelopment.com\/wp-content\/uploads\/2018\/08\/acp_logo.png","contentUrl":"http:\/\/acpinc.baudevelopment.com\/wp-content\/uploads\/2018\/08\/acp_logo.png","width":894,"height":240,"caption":"Aligned Capital Partners Inc."},"image":{"@id":"https:\/\/acpinc.baudevelopment.com\/fr\/#\/schema\/logo\/image\/"},"sameAs":["https:\/\/www.linkedin.com\/company\/aligned-capital-partners-inc-\/"]}]}},"_links":{"self":[{"href":"https:\/\/acpinc.baudevelopment.com\/fr\/wp-json\/wp\/v2\/pages\/2358","targetHints":{"allow":["GET"]}}],"collection":[{"href":"https:\/\/acpinc.baudevelopment.com\/fr\/wp-json\/wp\/v2\/pages"}],"about":[{"href":"https:\/\/acpinc.baudevelopment.com\/fr\/wp-json\/wp\/v2\/types\/page"}],"author":[{"embeddable":true,"href":"https:\/\/acpinc.baudevelopment.com\/fr\/wp-json\/wp\/v2\/users\/1"}],"replies":[{"embeddable":true,"href":"https:\/\/acpinc.baudevelopment.com\/fr\/wp-json\/wp\/v2\/comments?post=2358"}],"version-history":[{"count":2,"href":"https:\/\/acpinc.baudevelopment.com\/fr\/wp-json\/wp\/v2\/pages\/2358\/revisions"}],"predecessor-version":[{"id":2360,"href":"https:\/\/acpinc.baudevelopment.com\/fr\/wp-json\/wp\/v2\/pages\/2358\/revisions\/2360"}],"wp:featuredmedia":[{"embeddable":true,"href":"https:\/\/acpinc.baudevelopment.com\/fr\/wp-json\/wp\/v2\/media\/2132"}],"wp:attachment":[{"href":"https:\/\/acpinc.baudevelopment.com\/fr\/wp-json\/wp\/v2\/media?parent=2358"}],"curies":[{"name":"wp","href":"https:\/\/api.w.org\/{rel}","templated":true}]}}