{"id":2355,"date":"2018-08-08T14:21:01","date_gmt":"2018-08-08T18:21:01","guid":{"rendered":"http:\/\/acpinc.baudevelopment.com\/platform-services\/"},"modified":"2024-10-22T11:40:30","modified_gmt":"2024-10-22T15:40:30","slug":"platform-services","status":"publish","type":"page","link":"https:\/\/acpinc.baudevelopment.com\/fr\/platform-services\/","title":{"rendered":"Platform-Services"},"content":{"rendered":"<p><span>Aligned Capital Partners Inc. <\/span> est un courtier en valeurs mobili\u00e8res enregistr\u00e9 bas\u00e9 sur le mod\u00e8le mandant-mandataire, o\u00f9 le conseiller est le client final. Notre relation avec les conseillers est un partenariat, et nous honorons notre engagement en gagnant leur confiance chaque jour. Nous avons mis en \u0153uvre des pratiques de pointe dans l&rsquo;industrie qui permettent aux conseillers non seulement de concurrencer, mais aussi d&rsquo;exceller.<\/p>\n","protected":false},"excerpt":{"rendered":"<p>Aligned Capital Partners Inc. est un courtier en valeurs mobili\u00e8res enregistr\u00e9 bas\u00e9 sur le mod\u00e8le mandant-mandataire, o\u00f9 le conseiller est le client final. Notre relation avec les conseillers est un partenariat, et nous honorons notre engagement en gagnant leur confiance chaque jour. Nous avons mis en \u0153uvre des pratiques de pointe dans l&rsquo;industrie qui permettent [&#8230;]<\/p>\n<p><a class=\"btn btn-secondary understrap-read-more-link\" href=\"https:\/\/acpinc.baudevelopment.com\/fr\/platform-services\/\">Lire la suite&#8230;<\/a><\/p>\n","protected":false},"author":1,"featured_media":2124,"parent":0,"menu_order":47,"comment_status":"closed","ping_status":"closed","template":"","meta":{"_acf_changed":false,"inline_featured_image":false,"footnotes":""},"class_list":["post-2355","page","type-page","status-publish","has-post-thumbnail","hentry"],"acf":[],"yoast_head":"<!-- This site is optimized with the Yoast SEO plugin v27.4 - https:\/\/yoast.com\/product\/yoast-seo-wordpress\/ -->\n<title>Platform-Services - Aligned Capital Partners Inc.<\/title>\n<meta name=\"description\" content=\"Aligned Capital Partners is a registered investment dealer based on the principal-agent model, whereby the advisor is the end-client.\" \/>\n<meta name=\"robots\" content=\"index, follow, max-snippet:-1, max-image-preview:large, max-video-preview:-1\" \/>\n<link rel=\"canonical\" href=\"https:\/\/acpinc.baudevelopment.com\/fr\/platform-services\/\" \/>\n<meta property=\"og:locale\" content=\"fr_FR\" \/>\n<meta property=\"og:type\" content=\"article\" \/>\n<meta property=\"og:title\" content=\"Platform-Services - Aligned Capital Partners Inc.\" \/>\n<meta property=\"og:description\" content=\"Aligned Capital Partners is a registered investment dealer based on the principal-agent model, whereby the advisor is the end-client.\" \/>\n<meta property=\"og:url\" content=\"https:\/\/acpinc.baudevelopment.com\/fr\/platform-services\/\" \/>\n<meta property=\"og:site_name\" content=\"Aligned Capital Partners Inc.\" \/>\n<meta property=\"article:modified_time\" content=\"2024-10-22T15:40:30+00:00\" \/>\n<meta property=\"og:image\" content=\"https:\/\/acpinc.baudevelopment.com\/wp-content\/uploads\/2018\/08\/platform_services_banner-1.jpg\" \/>\n\t<meta property=\"og:image:width\" content=\"1366\" \/>\n\t<meta property=\"og:image:height\" content=\"315\" \/>\n\t<meta property=\"og:image:type\" content=\"image\/jpeg\" \/>\n<meta name=\"twitter:card\" content=\"summary_large_image\" \/>\n<meta name=\"twitter:label1\" content=\"Dur\u00e9e de lecture estim\u00e9e\" \/>\n\t<meta name=\"twitter:data1\" content=\"3 minutes\" \/>\n<script type=\"application\/ld+json\" class=\"yoast-schema-graph\">{\"@context\":\"https:\\\/\\\/schema.org\",\"@graph\":[{\"@type\":\"WebPage\",\"@id\":\"https:\\\/\\\/acpinc.baudevelopment.com\\\/fr\\\/platform-services\\\/\",\"url\":\"https:\\\/\\\/acpinc.baudevelopment.com\\\/fr\\\/platform-services\\\/\",\"name\":\"Platform-Services - Aligned Capital Partners Inc.\",\"isPartOf\":{\"@id\":\"https:\\\/\\\/acpinc.baudevelopment.com\\\/fr\\\/#website\"},\"primaryImageOfPage\":{\"@id\":\"https:\\\/\\\/acpinc.baudevelopment.com\\\/fr\\\/platform-services\\\/#primaryimage\"},\"image\":{\"@id\":\"https:\\\/\\\/acpinc.baudevelopment.com\\\/fr\\\/platform-services\\\/#primaryimage\"},\"thumbnailUrl\":\"https:\\\/\\\/acpinc.baudevelopment.com\\\/wp-content\\\/uploads\\\/2018\\\/08\\\/platform_services_banner-1.jpg\",\"datePublished\":\"2018-08-08T18:21:01+00:00\",\"dateModified\":\"2024-10-22T15:40:30+00:00\",\"description\":\"Aligned Capital Partners is a registered investment dealer based on the principal-agent model, whereby the advisor is the end-client.\",\"breadcrumb\":{\"@id\":\"https:\\\/\\\/acpinc.baudevelopment.com\\\/fr\\\/platform-services\\\/#breadcrumb\"},\"inLanguage\":\"fr-FR\",\"potentialAction\":[{\"@type\":\"ReadAction\",\"target\":[\"https:\\\/\\\/acpinc.baudevelopment.com\\\/fr\\\/platform-services\\\/\"]}]},{\"@type\":\"ImageObject\",\"inLanguage\":\"fr-FR\",\"@id\":\"https:\\\/\\\/acpinc.baudevelopment.com\\\/fr\\\/platform-services\\\/#primaryimage\",\"url\":\"https:\\\/\\\/acpinc.baudevelopment.com\\\/wp-content\\\/uploads\\\/2018\\\/08\\\/platform_services_banner-1.jpg\",\"contentUrl\":\"https:\\\/\\\/acpinc.baudevelopment.com\\\/wp-content\\\/uploads\\\/2018\\\/08\\\/platform_services_banner-1.jpg\",\"width\":1366,\"height\":315},{\"@type\":\"BreadcrumbList\",\"@id\":\"https:\\\/\\\/acpinc.baudevelopment.com\\\/fr\\\/platform-services\\\/#breadcrumb\",\"itemListElement\":[{\"@type\":\"ListItem\",\"position\":1,\"name\":\"Home\",\"item\":\"http:\\\/\\\/acpinc.baudevelopment.com\\\/fr\\\/\"},{\"@type\":\"ListItem\",\"position\":2,\"name\":\"Platform-Services\"}]},{\"@type\":\"WebSite\",\"@id\":\"https:\\\/\\\/acpinc.baudevelopment.com\\\/fr\\\/#website\",\"url\":\"https:\\\/\\\/acpinc.baudevelopment.com\\\/fr\\\/\",\"name\":\"Aligned Capital Partners Inc.\",\"description\":\"Empowering Advisors to Run Their Business Their Way\",\"publisher\":{\"@id\":\"https:\\\/\\\/acpinc.baudevelopment.com\\\/fr\\\/#organization\"},\"potentialAction\":[{\"@type\":\"SearchAction\",\"target\":{\"@type\":\"EntryPoint\",\"urlTemplate\":\"https:\\\/\\\/acpinc.baudevelopment.com\\\/fr\\\/?s={search_term_string}\"},\"query-input\":{\"@type\":\"PropertyValueSpecification\",\"valueRequired\":true,\"valueName\":\"search_term_string\"}}],\"inLanguage\":\"fr-FR\"},{\"@type\":\"Organization\",\"@id\":\"https:\\\/\\\/acpinc.baudevelopment.com\\\/fr\\\/#organization\",\"name\":\"Aligned Capital Partners Inc.\",\"url\":\"https:\\\/\\\/acpinc.baudevelopment.com\\\/fr\\\/\",\"logo\":{\"@type\":\"ImageObject\",\"inLanguage\":\"fr-FR\",\"@id\":\"https:\\\/\\\/acpinc.baudevelopment.com\\\/fr\\\/#\\\/schema\\\/logo\\\/image\\\/\",\"url\":\"http:\\\/\\\/acpinc.baudevelopment.com\\\/wp-content\\\/uploads\\\/2018\\\/08\\\/acp_logo.png\",\"contentUrl\":\"http:\\\/\\\/acpinc.baudevelopment.com\\\/wp-content\\\/uploads\\\/2018\\\/08\\\/acp_logo.png\",\"width\":894,\"height\":240,\"caption\":\"Aligned Capital Partners Inc.\"},\"image\":{\"@id\":\"https:\\\/\\\/acpinc.baudevelopment.com\\\/fr\\\/#\\\/schema\\\/logo\\\/image\\\/\"},\"sameAs\":[\"https:\\\/\\\/www.linkedin.com\\\/company\\\/aligned-capital-partners-inc-\\\/\"]}]}<\/script>\n<!-- \/ Yoast SEO plugin. -->","yoast_head_json":{"title":"Platform-Services - Aligned Capital Partners Inc.","description":"Aligned Capital Partners is a registered investment dealer based on the principal-agent model, whereby the advisor is the end-client.","robots":{"index":"index","follow":"follow","max-snippet":"max-snippet:-1","max-image-preview":"max-image-preview:large","max-video-preview":"max-video-preview:-1"},"canonical":"https:\/\/acpinc.baudevelopment.com\/fr\/platform-services\/","og_locale":"fr_FR","og_type":"article","og_title":"Platform-Services - Aligned Capital Partners Inc.","og_description":"Aligned Capital Partners is a registered investment dealer based on the principal-agent model, whereby the advisor is the end-client.","og_url":"https:\/\/acpinc.baudevelopment.com\/fr\/platform-services\/","og_site_name":"Aligned Capital Partners Inc.","article_modified_time":"2024-10-22T15:40:30+00:00","og_image":[{"width":1366,"height":315,"url":"https:\/\/acpinc.baudevelopment.com\/wp-content\/uploads\/2018\/08\/platform_services_banner-1.jpg","type":"image\/jpeg"}],"twitter_card":"summary_large_image","twitter_misc":{"Dur\u00e9e de lecture estim\u00e9e":"3 minutes"},"schema":{"@context":"https:\/\/schema.org","@graph":[{"@type":"WebPage","@id":"https:\/\/acpinc.baudevelopment.com\/fr\/platform-services\/","url":"https:\/\/acpinc.baudevelopment.com\/fr\/platform-services\/","name":"Platform-Services - Aligned Capital Partners Inc.","isPartOf":{"@id":"https:\/\/acpinc.baudevelopment.com\/fr\/#website"},"primaryImageOfPage":{"@id":"https:\/\/acpinc.baudevelopment.com\/fr\/platform-services\/#primaryimage"},"image":{"@id":"https:\/\/acpinc.baudevelopment.com\/fr\/platform-services\/#primaryimage"},"thumbnailUrl":"https:\/\/acpinc.baudevelopment.com\/wp-content\/uploads\/2018\/08\/platform_services_banner-1.jpg","datePublished":"2018-08-08T18:21:01+00:00","dateModified":"2024-10-22T15:40:30+00:00","description":"Aligned Capital Partners is a registered investment dealer based on the principal-agent model, whereby the advisor is the end-client.","breadcrumb":{"@id":"https:\/\/acpinc.baudevelopment.com\/fr\/platform-services\/#breadcrumb"},"inLanguage":"fr-FR","potentialAction":[{"@type":"ReadAction","target":["https:\/\/acpinc.baudevelopment.com\/fr\/platform-services\/"]}]},{"@type":"ImageObject","inLanguage":"fr-FR","@id":"https:\/\/acpinc.baudevelopment.com\/fr\/platform-services\/#primaryimage","url":"https:\/\/acpinc.baudevelopment.com\/wp-content\/uploads\/2018\/08\/platform_services_banner-1.jpg","contentUrl":"https:\/\/acpinc.baudevelopment.com\/wp-content\/uploads\/2018\/08\/platform_services_banner-1.jpg","width":1366,"height":315},{"@type":"BreadcrumbList","@id":"https:\/\/acpinc.baudevelopment.com\/fr\/platform-services\/#breadcrumb","itemListElement":[{"@type":"ListItem","position":1,"name":"Home","item":"http:\/\/acpinc.baudevelopment.com\/fr\/"},{"@type":"ListItem","position":2,"name":"Platform-Services"}]},{"@type":"WebSite","@id":"https:\/\/acpinc.baudevelopment.com\/fr\/#website","url":"https:\/\/acpinc.baudevelopment.com\/fr\/","name":"Aligned Capital Partners Inc.","description":"Empowering Advisors to Run Their Business Their Way","publisher":{"@id":"https:\/\/acpinc.baudevelopment.com\/fr\/#organization"},"potentialAction":[{"@type":"SearchAction","target":{"@type":"EntryPoint","urlTemplate":"https:\/\/acpinc.baudevelopment.com\/fr\/?s={search_term_string}"},"query-input":{"@type":"PropertyValueSpecification","valueRequired":true,"valueName":"search_term_string"}}],"inLanguage":"fr-FR"},{"@type":"Organization","@id":"https:\/\/acpinc.baudevelopment.com\/fr\/#organization","name":"Aligned Capital Partners Inc.","url":"https:\/\/acpinc.baudevelopment.com\/fr\/","logo":{"@type":"ImageObject","inLanguage":"fr-FR","@id":"https:\/\/acpinc.baudevelopment.com\/fr\/#\/schema\/logo\/image\/","url":"http:\/\/acpinc.baudevelopment.com\/wp-content\/uploads\/2018\/08\/acp_logo.png","contentUrl":"http:\/\/acpinc.baudevelopment.com\/wp-content\/uploads\/2018\/08\/acp_logo.png","width":894,"height":240,"caption":"Aligned Capital Partners Inc."},"image":{"@id":"https:\/\/acpinc.baudevelopment.com\/fr\/#\/schema\/logo\/image\/"},"sameAs":["https:\/\/www.linkedin.com\/company\/aligned-capital-partners-inc-\/"]}]}},"_links":{"self":[{"href":"https:\/\/acpinc.baudevelopment.com\/fr\/wp-json\/wp\/v2\/pages\/2355","targetHints":{"allow":["GET"]}}],"collection":[{"href":"https:\/\/acpinc.baudevelopment.com\/fr\/wp-json\/wp\/v2\/pages"}],"about":[{"href":"https:\/\/acpinc.baudevelopment.com\/fr\/wp-json\/wp\/v2\/types\/page"}],"author":[{"embeddable":true,"href":"https:\/\/acpinc.baudevelopment.com\/fr\/wp-json\/wp\/v2\/users\/1"}],"replies":[{"embeddable":true,"href":"https:\/\/acpinc.baudevelopment.com\/fr\/wp-json\/wp\/v2\/comments?post=2355"}],"version-history":[{"count":4,"href":"https:\/\/acpinc.baudevelopment.com\/fr\/wp-json\/wp\/v2\/pages\/2355\/revisions"}],"predecessor-version":[{"id":2445,"href":"https:\/\/acpinc.baudevelopment.com\/fr\/wp-json\/wp\/v2\/pages\/2355\/revisions\/2445"}],"wp:featuredmedia":[{"embeddable":true,"href":"https:\/\/acpinc.baudevelopment.com\/fr\/wp-json\/wp\/v2\/media\/2124"}],"wp:attachment":[{"href":"https:\/\/acpinc.baudevelopment.com\/fr\/wp-json\/wp\/v2\/media?parent=2355"}],"curies":[{"name":"wp","href":"https:\/\/api.w.org\/{rel}","templated":true}]}}