{"id":2394,"date":"2024-03-22T11:55:10","date_gmt":"2024-03-22T15:55:10","guid":{"rendered":"http:\/\/acpinc.baudevelopment.com\/client-portal-login\/"},"modified":"2024-10-24T11:45:11","modified_gmt":"2024-10-24T15:45:11","slug":"client-portal-login","status":"publish","type":"page","link":"http:\/\/acpinc.baudevelopment.com\/fr\/client-portal-login\/","title":{"rendered":"Connexion au Portail Client"},"content":{"rendered":"<p><span style=\"font-family: arial, helvetica, sans-serif; font-size: 18pt;\"><strong><a href=\"https:\/\/clientportal.aligned.digital\/signin\">Cliquez ICI <\/a> <\/strong>pour vous connecter \u00e0 votre Portail Client Aligned Capital Partners.<\/span><\/p>\n<p><span style=\"font-family: arial, helvetica, sans-serif; font-size: 18pt;\">Vous avez oubli\u00e9 votre mot de passe ? Pas de probl\u00e8me. <strong><a href=\"https:\/\/clientportal.aligned.digital\/forgotpassword\">Cliquez ICI<\/a><\/strong>, <\/span><span style=\"font-family: arial, helvetica, sans-serif; font-size: 18pt;\">entrez le nom d&rsquo;utilisateur associ\u00e9 \u00e0 votre compte, puis cliquez sur le bouton <em>Envoyer la Demande<\/em>.<\/span><\/p>\n<p><span style=\"font-family: arial, helvetica, sans-serif; font-size: 18pt;\">\u00cates-vous un nouveau client et vous n\u2019avez pas encore les identifiants de connexion \u00e0 votre Portail Client personnalis\u00e9 ? Veuillez contacter directement votre Conseiller Financier pour vous inscrire d\u00e8s aujourd\u2019hui !<\/span><\/p>\n","protected":false},"excerpt":{"rendered":"<p>Cliquez ICI pour vous connecter \u00e0 votre Portail Client Aligned Capital Partners. Vous avez oubli\u00e9 votre mot de passe ? Pas de probl\u00e8me. Cliquez ICI, entrez le nom d&rsquo;utilisateur associ\u00e9 \u00e0 votre compte, puis cliquez sur le bouton Envoyer la Demande. \u00cates-vous un nouveau client et vous n\u2019avez pas encore les identifiants de connexion \u00e0 [&#8230;]<\/p>\n<p><a class=\"btn btn-secondary understrap-read-more-link\" href=\"http:\/\/acpinc.baudevelopment.com\/fr\/client-portal-login\/\">Lire la suite&#8230;<\/a><\/p>\n","protected":false},"author":1,"featured_media":0,"parent":0,"menu_order":0,"comment_status":"closed","ping_status":"closed","template":"","meta":{"_acf_changed":false,"inline_featured_image":false,"footnotes":""},"class_list":["post-2394","page","type-page","status-publish","hentry"],"acf":[],"yoast_head":"<!-- This site is optimized with the Yoast SEO plugin v27.4 - https:\/\/yoast.com\/product\/yoast-seo-wordpress\/ -->\n<title>Connexion au Portail Client - Aligned Capital Partners Inc.<\/title>\n<meta name=\"robots\" content=\"index, follow, max-snippet:-1, max-image-preview:large, max-video-preview:-1\" \/>\n<link rel=\"canonical\" href=\"http:\/\/acpinc.baudevelopment.com\/fr\/client-portal-login\/\" \/>\n<meta property=\"og:locale\" content=\"fr_FR\" \/>\n<meta property=\"og:type\" content=\"article\" \/>\n<meta property=\"og:title\" content=\"Connexion au Portail Client - Aligned Capital Partners Inc.\" \/>\n<meta property=\"og:description\" content=\"Cliquez ICI pour vous connecter \u00e0 votre Portail Client Aligned Capital Partners. Vous avez oubli\u00e9 votre mot de passe ? Pas de probl\u00e8me. Cliquez ICI, entrez le nom d&rsquo;utilisateur associ\u00e9 \u00e0 votre compte, puis cliquez sur le bouton Envoyer la Demande. \u00cates-vous un nouveau client et vous n\u2019avez pas encore les identifiants de connexion \u00e0 [...]Lire la suite...\" \/>\n<meta property=\"og:url\" content=\"http:\/\/acpinc.baudevelopment.com\/fr\/client-portal-login\/\" \/>\n<meta property=\"og:site_name\" content=\"Aligned Capital Partners Inc.\" \/>\n<meta property=\"article:modified_time\" content=\"2024-10-24T15:45:11+00:00\" \/>\n<meta name=\"twitter:card\" content=\"summary_large_image\" \/>\n<meta name=\"twitter:label1\" content=\"Dur\u00e9e de lecture estim\u00e9e\" \/>\n\t<meta name=\"twitter:data1\" content=\"1 minute\" \/>\n<script type=\"application\/ld+json\" class=\"yoast-schema-graph\">{\"@context\":\"https:\\\/\\\/schema.org\",\"@graph\":[{\"@type\":\"WebPage\",\"@id\":\"http:\\\/\\\/acpinc.baudevelopment.com\\\/fr\\\/client-portal-login\\\/\",\"url\":\"http:\\\/\\\/acpinc.baudevelopment.com\\\/fr\\\/client-portal-login\\\/\",\"name\":\"Connexion au Portail Client - Aligned Capital Partners Inc.\",\"isPartOf\":{\"@id\":\"https:\\\/\\\/acpinc.baudevelopment.com\\\/fr\\\/#website\"},\"datePublished\":\"2024-03-22T15:55:10+00:00\",\"dateModified\":\"2024-10-24T15:45:11+00:00\",\"breadcrumb\":{\"@id\":\"http:\\\/\\\/acpinc.baudevelopment.com\\\/fr\\\/client-portal-login\\\/#breadcrumb\"},\"inLanguage\":\"fr-FR\",\"potentialAction\":[{\"@type\":\"ReadAction\",\"target\":[\"http:\\\/\\\/acpinc.baudevelopment.com\\\/fr\\\/client-portal-login\\\/\"]}]},{\"@type\":\"BreadcrumbList\",\"@id\":\"http:\\\/\\\/acpinc.baudevelopment.com\\\/fr\\\/client-portal-login\\\/#breadcrumb\",\"itemListElement\":[{\"@type\":\"ListItem\",\"position\":1,\"name\":\"Home\",\"item\":\"http:\\\/\\\/acpinc.baudevelopment.com\\\/fr\\\/\"},{\"@type\":\"ListItem\",\"position\":2,\"name\":\"Connexion au Portail Client\"}]},{\"@type\":\"WebSite\",\"@id\":\"https:\\\/\\\/acpinc.baudevelopment.com\\\/fr\\\/#website\",\"url\":\"https:\\\/\\\/acpinc.baudevelopment.com\\\/fr\\\/\",\"name\":\"Aligned Capital Partners Inc.\",\"description\":\"Empowering Advisors to Run Their Business Their Way\",\"publisher\":{\"@id\":\"https:\\\/\\\/acpinc.baudevelopment.com\\\/fr\\\/#organization\"},\"potentialAction\":[{\"@type\":\"SearchAction\",\"target\":{\"@type\":\"EntryPoint\",\"urlTemplate\":\"https:\\\/\\\/acpinc.baudevelopment.com\\\/fr\\\/?s={search_term_string}\"},\"query-input\":{\"@type\":\"PropertyValueSpecification\",\"valueRequired\":true,\"valueName\":\"search_term_string\"}}],\"inLanguage\":\"fr-FR\"},{\"@type\":\"Organization\",\"@id\":\"https:\\\/\\\/acpinc.baudevelopment.com\\\/fr\\\/#organization\",\"name\":\"Aligned Capital Partners Inc.\",\"url\":\"https:\\\/\\\/acpinc.baudevelopment.com\\\/fr\\\/\",\"logo\":{\"@type\":\"ImageObject\",\"inLanguage\":\"fr-FR\",\"@id\":\"https:\\\/\\\/acpinc.baudevelopment.com\\\/fr\\\/#\\\/schema\\\/logo\\\/image\\\/\",\"url\":\"http:\\\/\\\/acpinc.baudevelopment.com\\\/wp-content\\\/uploads\\\/2018\\\/08\\\/acp_logo.png\",\"contentUrl\":\"http:\\\/\\\/acpinc.baudevelopment.com\\\/wp-content\\\/uploads\\\/2018\\\/08\\\/acp_logo.png\",\"width\":894,\"height\":240,\"caption\":\"Aligned Capital Partners Inc.\"},\"image\":{\"@id\":\"https:\\\/\\\/acpinc.baudevelopment.com\\\/fr\\\/#\\\/schema\\\/logo\\\/image\\\/\"},\"sameAs\":[\"https:\\\/\\\/www.linkedin.com\\\/company\\\/aligned-capital-partners-inc-\\\/\"]}]}<\/script>\n<!-- \/ Yoast SEO plugin. -->","yoast_head_json":{"title":"Connexion au Portail Client - Aligned Capital Partners Inc.","robots":{"index":"index","follow":"follow","max-snippet":"max-snippet:-1","max-image-preview":"max-image-preview:large","max-video-preview":"max-video-preview:-1"},"canonical":"http:\/\/acpinc.baudevelopment.com\/fr\/client-portal-login\/","og_locale":"fr_FR","og_type":"article","og_title":"Connexion au Portail Client - Aligned Capital Partners Inc.","og_description":"Cliquez ICI pour vous connecter \u00e0 votre Portail Client Aligned Capital Partners. Vous avez oubli\u00e9 votre mot de passe ? Pas de probl\u00e8me. Cliquez ICI, entrez le nom d&rsquo;utilisateur associ\u00e9 \u00e0 votre compte, puis cliquez sur le bouton Envoyer la Demande. \u00cates-vous un nouveau client et vous n\u2019avez pas encore les identifiants de connexion \u00e0 [...]Lire la suite...","og_url":"http:\/\/acpinc.baudevelopment.com\/fr\/client-portal-login\/","og_site_name":"Aligned Capital Partners Inc.","article_modified_time":"2024-10-24T15:45:11+00:00","twitter_card":"summary_large_image","twitter_misc":{"Dur\u00e9e de lecture estim\u00e9e":"1 minute"},"schema":{"@context":"https:\/\/schema.org","@graph":[{"@type":"WebPage","@id":"http:\/\/acpinc.baudevelopment.com\/fr\/client-portal-login\/","url":"http:\/\/acpinc.baudevelopment.com\/fr\/client-portal-login\/","name":"Connexion au Portail Client - Aligned Capital Partners Inc.","isPartOf":{"@id":"https:\/\/acpinc.baudevelopment.com\/fr\/#website"},"datePublished":"2024-03-22T15:55:10+00:00","dateModified":"2024-10-24T15:45:11+00:00","breadcrumb":{"@id":"http:\/\/acpinc.baudevelopment.com\/fr\/client-portal-login\/#breadcrumb"},"inLanguage":"fr-FR","potentialAction":[{"@type":"ReadAction","target":["http:\/\/acpinc.baudevelopment.com\/fr\/client-portal-login\/"]}]},{"@type":"BreadcrumbList","@id":"http:\/\/acpinc.baudevelopment.com\/fr\/client-portal-login\/#breadcrumb","itemListElement":[{"@type":"ListItem","position":1,"name":"Home","item":"http:\/\/acpinc.baudevelopment.com\/fr\/"},{"@type":"ListItem","position":2,"name":"Connexion au Portail Client"}]},{"@type":"WebSite","@id":"https:\/\/acpinc.baudevelopment.com\/fr\/#website","url":"https:\/\/acpinc.baudevelopment.com\/fr\/","name":"Aligned Capital Partners Inc.","description":"Empowering Advisors to Run Their Business Their Way","publisher":{"@id":"https:\/\/acpinc.baudevelopment.com\/fr\/#organization"},"potentialAction":[{"@type":"SearchAction","target":{"@type":"EntryPoint","urlTemplate":"https:\/\/acpinc.baudevelopment.com\/fr\/?s={search_term_string}"},"query-input":{"@type":"PropertyValueSpecification","valueRequired":true,"valueName":"search_term_string"}}],"inLanguage":"fr-FR"},{"@type":"Organization","@id":"https:\/\/acpinc.baudevelopment.com\/fr\/#organization","name":"Aligned Capital Partners Inc.","url":"https:\/\/acpinc.baudevelopment.com\/fr\/","logo":{"@type":"ImageObject","inLanguage":"fr-FR","@id":"https:\/\/acpinc.baudevelopment.com\/fr\/#\/schema\/logo\/image\/","url":"http:\/\/acpinc.baudevelopment.com\/wp-content\/uploads\/2018\/08\/acp_logo.png","contentUrl":"http:\/\/acpinc.baudevelopment.com\/wp-content\/uploads\/2018\/08\/acp_logo.png","width":894,"height":240,"caption":"Aligned Capital Partners Inc."},"image":{"@id":"https:\/\/acpinc.baudevelopment.com\/fr\/#\/schema\/logo\/image\/"},"sameAs":["https:\/\/www.linkedin.com\/company\/aligned-capital-partners-inc-\/"]}]}},"_links":{"self":[{"href":"http:\/\/acpinc.baudevelopment.com\/fr\/wp-json\/wp\/v2\/pages\/2394","targetHints":{"allow":["GET"]}}],"collection":[{"href":"http:\/\/acpinc.baudevelopment.com\/fr\/wp-json\/wp\/v2\/pages"}],"about":[{"href":"http:\/\/acpinc.baudevelopment.com\/fr\/wp-json\/wp\/v2\/types\/page"}],"author":[{"embeddable":true,"href":"http:\/\/acpinc.baudevelopment.com\/fr\/wp-json\/wp\/v2\/users\/1"}],"replies":[{"embeddable":true,"href":"http:\/\/acpinc.baudevelopment.com\/fr\/wp-json\/wp\/v2\/comments?post=2394"}],"version-history":[{"count":4,"href":"http:\/\/acpinc.baudevelopment.com\/fr\/wp-json\/wp\/v2\/pages\/2394\/revisions"}],"predecessor-version":[{"id":2460,"href":"http:\/\/acpinc.baudevelopment.com\/fr\/wp-json\/wp\/v2\/pages\/2394\/revisions\/2460"}],"wp:attachment":[{"href":"http:\/\/acpinc.baudevelopment.com\/fr\/wp-json\/wp\/v2\/media?parent=2394"}],"curies":[{"name":"wp","href":"https:\/\/api.w.org\/{rel}","templated":true}]}}